{"id":31922,"date":"2026-02-25T16:16:54","date_gmt":"2026-02-25T16:16:54","guid":{"rendered":"https:\/\/vestyashop.com\/shop\/uncategorized\/organic-cotton-fitted-t-shirt-3\/"},"modified":"2026-02-26T10:21:48","modified_gmt":"2026-02-26T10:21:48","slug":"organic-cotton-fitted-t-shirt-3","status":"publish","type":"product","link":"https:\/\/vestyashop.com\/pt\/shop\/clothing\/tshirts\/fitted-cut\/organic-cotton-fitted-t-shirt-3\/","title":{"rendered":"Organic Cotton Fitted T-Shirt"},"content":{"rendered":"<p><strong>Design<\/strong><br \/>\n<a class=\"notion-link-token notion-focusable-token notion-enable-hover\" tabindex=\"0\" href=\"https:\/\/vestyashop.com\/designs\/nature-wishes\/\" rel=\"noopener noreferrer\" data-token-index=\"0\"><span class=\"link-annotation-unknown-block-id-1501742189\">Nature Wishes<\/span><\/a> por <a class=\"notion-link-token notion-focusable-token notion-enable-hover\" tabindex=\"0\" href=\"https:\/\/vestyashop.com\/artists\/dsway\/\" rel=\"noopener noreferrer\" data-token-index=\"2\"><span class=\"link-annotation-unknown-block-id--1863457263\">Ds WAY<\/span><\/a> faz parte de uma s\u00e9rie de composi\u00e7\u00f5es inspiradas em herb\u00e1rios cl\u00e1ssicos. Criadas a partir de flores colhidas \u00e0 m\u00e3o, prensadas e naturalmente secas, cada elemento \u00e9 cuidadosamente digitalizado e refinado para preservar o seu detalhe org\u00e2nico, resultando em impress\u00f5es de alta qualidade que honram tanto a tradi\u00e7\u00e3o bot\u00e2nica como a autenticidade das formas naturais.<\/p>\n<p><strong>Cuidados a ter<\/strong><br \/>\nLavar \u00e0 m\u00e1quina a frio (m\u00e1x. 30 \u00b0C), do avesso com cores semelhantes e secar na m\u00e1quina a baixa temperatura. N\u00e3o usar lix\u00edvia nem limpeza a seco. Engomar do avesso, evitando as \u00e1reas impressas.<\/p>\n<p><strong>Conformidade GPSR<\/strong><br \/>\nEste produto est\u00e1 em conformidade com o Regulamento Geral Europeu de Seguran\u00e7a dos Produtos (GPSR), garantindo seguran\u00e7a, transpar\u00eancia, rastreabilidade e produ\u00e7\u00e3o respons\u00e1vel. Para informa\u00e7\u00f5es atualizadas, visita o link no nosso\u00a0<a href=\"https:\/\/vestyashop.com\/products\/certifications\/gpsr\/\">artigo sobre o GPSR<\/a>\u00a0for updates and check the\u00a0<strong>Informa\u00e7\u00e3o Adicional<\/strong>\u00a0tab for more product details and all certifications.<\/p>\n<p><strong>Sizing guide\u00a0<\/strong>(Dimens\u00f5es em cm)<\/p>\n<table>\n<tbody>\n<tr>\n<td><\/td>\n<td>XS<\/td>\n<td>S<\/td>\n<td>M<\/td>\n<td>L<\/td>\n<td>XL<\/td>\n<td>2XL<\/td>\n<\/tr>\n<tr>\n<td>Largura<\/td>\n<td>43<\/td>\n<td>46<\/td>\n<td>49<\/td>\n<td>52<\/td>\n<td>55<\/td>\n<td>58<\/td>\n<\/tr>\n<tr>\n<td>Altura<\/td>\n<td>\u00a061<\/td>\n<td>63<\/td>\n<td>65<\/td>\n<td>67<\/td>\n<td>69<\/td>\n<td>71<\/td>\n<\/tr>\n<\/tbody>\n<\/table>\n<p>&nbsp;<\/p>","protected":false},"excerpt":{"rendered":"<p>T-shirt concebida para conforto di\u00e1rio, aliando suavidade e um corte feminino, com costuras laterais para maior estrutura. Produzida com 100% Algod\u00e3o Org\u00e2nico fiado e penteado, para um toque delicado e duradouro.<\/p>","protected":false},"featured_media":31918,"comment_status":"open","ping_status":"closed","template":"","meta":{"site-sidebar-layout":"default","site-content-layout":"","ast-site-content-layout":"default","site-content-style":"default","site-sidebar-style":"default","ast-global-header-display":"","ast-banner-title-visibility":"","ast-main-header-display":"","ast-hfb-above-header-display":"","ast-hfb-below-header-display":"","ast-hfb-mobile-header-display":"","site-post-title":"","ast-breadcrumbs-content":"","ast-featured-img":"","footer-sml-layout":"","ast-disable-related-posts":"","theme-transparent-header-meta":"default","adv-header-id-meta":"","stick-header-meta":"default","header-above-stick-meta":"","header-main-stick-meta":"","header-below-stick-meta":"","astra-migrate-meta-layouts":"set","ast-page-background-enabled":"default","ast-page-background-meta":{"desktop":{"background-color":"var(--ast-global-color-5)","background-image":"","background-repeat":"repeat","background-position":"center center","background-size":"auto","background-attachment":"scroll","background-type":"","background-media":"","overlay-type":"","overlay-color":"","overlay-opacity":"","overlay-gradient":""},"tablet":{"background-color":"","background-image":"","background-repeat":"repeat","background-position":"center center","background-size":"auto","background-attachment":"scroll","background-type":"","background-media":"","overlay-type":"","overlay-color":"","overlay-opacity":"","overlay-gradient":""},"mobile":{"background-color":"","background-image":"","background-repeat":"repeat","background-position":"center center","background-size":"auto","background-attachment":"scroll","background-type":"","background-media":"","overlay-type":"","overlay-color":"","overlay-opacity":"","overlay-gradient":""}},"ast-content-background-meta":{"desktop":{"background-color":"var(--ast-global-color-4)","background-image":"","background-repeat":"repeat","background-position":"center center","background-size":"auto","background-attachment":"scroll","background-type":"","background-media":"","overlay-type":"","overlay-color":"","overlay-opacity":"","overlay-gradient":""},"tablet":{"background-color":"var(--ast-global-color-4)","background-image":"","background-repeat":"repeat","background-position":"center center","background-size":"auto","background-attachment":"scroll","background-type":"","background-media":"","overlay-type":"","overlay-color":"","overlay-opacity":"","overlay-gradient":""},"mobile":{"background-color":"var(--ast-global-color-4)","background-image":"","background-repeat":"repeat","background-position":"center center","background-size":"auto","background-attachment":"scroll","background-type":"","background-media":"","overlay-type":"","overlay-color":"","overlay-opacity":"","overlay-gradient":""}}},"product_brand":[221,573],"product_cat":[22,18],"product_tag":[387,460,534,167],"class_list":{"0":"post-31922","1":"product","2":"type-product","3":"status-publish","4":"has-post-thumbnail","6":"product_brand-dsway","7":"product_brand-native-spirit","8":"product_cat-fitted-cut","9":"product_cat-tshirts","10":"product_tag-dsway","11":"product_tag-nature-wishes","12":"product_tag-organic-cotton-fitted-t-shirt","13":"product_tag-tpop","14":"product_shipping_class-65","15":"pa_certifications-eve-vegan","16":"pa_certifications-gots","17":"pa_certifications-oeko-tex-standard-100","18":"pa_colour-lavender","19":"pa_colour-natural","20":"pa_colour-pink","21":"pa_colour-white","22":"pa_cut-fit","23":"pa_materials-100-organic-ring-spun-combed-cotton","24":"pa_size-2xl","25":"pa_size-l","26":"pa_size-m","27":"pa_size-s","28":"pa_size-xl","29":"pa_size-xs","30":"desktop-align-center","31":"tablet-align-center","32":"mobile-align-center","33":"ast-product-gallery-layout-horizontal-slider","34":"ast-product-single-variable","35":"ast-product-tabs-layout-vertical","37":"first","38":"instock","39":"taxable","40":"shipping-taxable","41":"purchasable","42":"product-type-variable","43":"has-default-attributes"},"_links":{"self":[{"href":"https:\/\/vestyashop.com\/pt\/wp-json\/wp\/v2\/product\/31922","targetHints":{"allow":["GET"]}}],"collection":[{"href":"https:\/\/vestyashop.com\/pt\/wp-json\/wp\/v2\/product"}],"about":[{"href":"https:\/\/vestyashop.com\/pt\/wp-json\/wp\/v2\/types\/product"}],"replies":[{"embeddable":true,"href":"https:\/\/vestyashop.com\/pt\/wp-json\/wp\/v2\/comments?post=31922"}],"wp:featuredmedia":[{"embeddable":true,"href":"https:\/\/vestyashop.com\/pt\/wp-json\/wp\/v2\/media\/31918"}],"wp:attachment":[{"href":"https:\/\/vestyashop.com\/pt\/wp-json\/wp\/v2\/media?parent=31922"}],"wp:term":[{"taxonomy":"product_brand","embeddable":true,"href":"https:\/\/vestyashop.com\/pt\/wp-json\/wp\/v2\/product_brand?post=31922"},{"taxonomy":"product_cat","embeddable":true,"href":"https:\/\/vestyashop.com\/pt\/wp-json\/wp\/v2\/product_cat?post=31922"},{"taxonomy":"product_tag","embeddable":true,"href":"https:\/\/vestyashop.com\/pt\/wp-json\/wp\/v2\/product_tag?post=31922"}],"curies":[{"name":"wp","href":"https:\/\/api.w.org\/{rel}","templated":true}]}}