{"id":31458,"date":"2026-02-23T16:22:08","date_gmt":"2026-02-23T16:22:08","guid":{"rendered":"https:\/\/vestyashop.com\/shop\/uncategorized\/time-takes-time-hip-bag\/"},"modified":"2026-02-26T11:28:47","modified_gmt":"2026-02-26T11:28:47","slug":"recycled-cotton-and-recycled-polyester-hip-bag-2","status":"publish","type":"product","link":"https:\/\/vestyashop.com\/pt\/shop\/accessories\/bags\/recycled-cotton-and-recycled-polyester-hip-bag-2\/","title":{"rendered":"Bolsa de Cintura de Algod\u00e3o Reciclado e Poli\u00e9ster Reciclado"},"content":{"rendered":"<p><strong>Design<\/strong><\/p>\n<p><a class=\"notion-link-token notion-focusable-token notion-enable-hover\" tabindex=\"0\" href=\"https:\/\/vestyashop.com\/designs\/time-takes-time\/\" rel=\"noopener noreferrer\" data-token-index=\"0\"><span class=\"link-annotation-unknown-block-id-1438698970\">Time Takes Time<\/span><\/a> por\u00a0<a class=\"notion-link-token notion-focusable-token notion-enable-hover\" tabindex=\"0\" href=\"https:\/\/vestyashop.com\/artists\/dsway\/\" rel=\"noopener noreferrer\" data-token-index=\"2\"><span class=\"link-annotation-unknown-block-id--1863457263\">Ds WAY<\/span><\/a> \u00e9 uma cita\u00e7\u00e3o original manuscrita, transformada em colagem. Escrita a caneta preta sobre papel verde, com um apontamento em papel vermelho, a obra \u00e9 digitalizada e cuidadosamente composta, preservando o car\u00e1cter t\u00e1ctil dos materiais originais.<\/p>\n<p><strong>Cuidados a ter<\/strong><\/p>\n<p>Lavar \u00e0 m\u00e1quina a frio (m\u00e1x. 30 \u00b0C), do avesso com cores semelhantes e secar na m\u00e1quina a baixa temperatura. N\u00e3o usar lix\u00edvia nem limpeza a seco. Engomar do avesso, evitando as \u00e1reas impressas.<\/p>\n<p><strong>Conformidade GPSR<\/strong><\/p>\n<p>Este produto est\u00e1 em conformidade com o Regulamento Geral de Seguran\u00e7a dos Produtos (GPSR), garantindo seguran\u00e7a, transpar\u00eancia, rastreabilidade e produ\u00e7\u00e3o respons\u00e1vel. As certifica\u00e7\u00f5es deste produto asseguram a aus\u00eancia de pesticidas, inseticidas ou OGM, a rastreabilidade total dos materiais reciclados e condi\u00e7\u00f5es de trabalho justas. Para informa\u00e7\u00f5es atualizadas, visita o link no nosso <a href=\"https:\/\/vestyashop.com\/products\/certifications\/gpsr\/\">artigo sobre o GPSR<\/a> e consulta o separador \u201cInforma\u00e7\u00e3o Adicional\u201d para mais detalhes deste produto e suas certifica\u00e7\u00f5es.<!-- notionvc: 43d342f0-4a62-4c2b-8ed2-8798725483f2 --><\/p>","protected":false},"excerpt":{"rendered":"<p>Bolsa de cintura em tecido reciclado, concebida para o uso di\u00e1rio, com um design pr\u00e1tico e resistente. Produzida a partir de materiais 100% reciclados, apresenta um acabamento de baixo impacto e com poupan\u00e7a de \u00e1gua. Inclui o marcador AWARE\u2122, garantindo transpar\u00eancia certificada e total rastreabilidade dos Tecidos 100% Reciclados.<\/p>","protected":false},"featured_media":31461,"comment_status":"open","ping_status":"closed","template":"","meta":{"site-sidebar-layout":"default","site-content-layout":"","ast-site-content-layout":"default","site-content-style":"default","site-sidebar-style":"default","ast-global-header-display":"","ast-banner-title-visibility":"","ast-main-header-display":"","ast-hfb-above-header-display":"","ast-hfb-below-header-display":"","ast-hfb-mobile-header-display":"","site-post-title":"","ast-breadcrumbs-content":"","ast-featured-img":"","footer-sml-layout":"","ast-disable-related-posts":"","theme-transparent-header-meta":"default","adv-header-id-meta":"","stick-header-meta":"default","header-above-stick-meta":"","header-main-stick-meta":"","header-below-stick-meta":"","astra-migrate-meta-layouts":"set","ast-page-background-enabled":"default","ast-page-background-meta":{"desktop":{"background-color":"var(--ast-global-color-5)","background-image":"","background-repeat":"repeat","background-position":"center center","background-size":"auto","background-attachment":"scroll","background-type":"","background-media":"","overlay-type":"","overlay-color":"","overlay-opacity":"","overlay-gradient":""},"tablet":{"background-color":"","background-image":"","background-repeat":"repeat","background-position":"center center","background-size":"auto","background-attachment":"scroll","background-type":"","background-media":"","overlay-type":"","overlay-color":"","overlay-opacity":"","overlay-gradient":""},"mobile":{"background-color":"","background-image":"","background-repeat":"repeat","background-position":"center center","background-size":"auto","background-attachment":"scroll","background-type":"","background-media":"","overlay-type":"","overlay-color":"","overlay-opacity":"","overlay-gradient":""}},"ast-content-background-meta":{"desktop":{"background-color":"var(--ast-global-color-4)","background-image":"","background-repeat":"repeat","background-position":"center center","background-size":"auto","background-attachment":"scroll","background-type":"","background-media":"","overlay-type":"","overlay-color":"","overlay-opacity":"","overlay-gradient":""},"tablet":{"background-color":"var(--ast-global-color-4)","background-image":"","background-repeat":"repeat","background-position":"center center","background-size":"auto","background-attachment":"scroll","background-type":"","background-media":"","overlay-type":"","overlay-color":"","overlay-opacity":"","overlay-gradient":""},"mobile":{"background-color":"var(--ast-global-color-4)","background-image":"","background-repeat":"repeat","background-position":"center center","background-size":"auto","background-attachment":"scroll","background-type":"","background-media":"","overlay-type":"","overlay-color":"","overlay-opacity":"","overlay-gradient":""}}},"product_brand":[221,575],"product_cat":[20],"product_tag":[387,582,555,382,167],"class_list":{"0":"post-31458","1":"product","2":"type-product","3":"status-publish","4":"has-post-thumbnail","6":"product_brand-dsway","7":"product_brand-xd-connects","8":"product_cat-bags","9":"product_tag-dsway","10":"product_tag-hip-bag","11":"product_tag-recycled-cotton-and-recycled-polyester-hip-bag","12":"product_tag-time-takes-time","13":"product_tag-tpop","14":"product_shipping_class-65","15":"pa_certifications-aware-tracer","16":"pa_colour-black","17":"pa_colour-heather-grey","18":"pa_colour-natural","19":"pa_materials-30-recycled-polyester","20":"pa_materials-70-recycled-cotton","21":"desktop-align-center","22":"tablet-align-center","23":"mobile-align-center","24":"ast-product-gallery-layout-horizontal-slider","25":"ast-product-single-variable","26":"ast-product-tabs-layout-vertical","28":"first","29":"instock","30":"taxable","31":"shipping-taxable","32":"purchasable","33":"product-type-variable","34":"has-default-attributes"},"_links":{"self":[{"href":"https:\/\/vestyashop.com\/pt\/wp-json\/wp\/v2\/product\/31458","targetHints":{"allow":["GET"]}}],"collection":[{"href":"https:\/\/vestyashop.com\/pt\/wp-json\/wp\/v2\/product"}],"about":[{"href":"https:\/\/vestyashop.com\/pt\/wp-json\/wp\/v2\/types\/product"}],"replies":[{"embeddable":true,"href":"https:\/\/vestyashop.com\/pt\/wp-json\/wp\/v2\/comments?post=31458"}],"wp:featuredmedia":[{"embeddable":true,"href":"https:\/\/vestyashop.com\/pt\/wp-json\/wp\/v2\/media\/31461"}],"wp:attachment":[{"href":"https:\/\/vestyashop.com\/pt\/wp-json\/wp\/v2\/media?parent=31458"}],"wp:term":[{"taxonomy":"product_brand","embeddable":true,"href":"https:\/\/vestyashop.com\/pt\/wp-json\/wp\/v2\/product_brand?post=31458"},{"taxonomy":"product_cat","embeddable":true,"href":"https:\/\/vestyashop.com\/pt\/wp-json\/wp\/v2\/product_cat?post=31458"},{"taxonomy":"product_tag","embeddable":true,"href":"https:\/\/vestyashop.com\/pt\/wp-json\/wp\/v2\/product_tag?post=31458"}],"curies":[{"name":"wp","href":"https:\/\/api.w.org\/{rel}","templated":true}]}}