{"id":31285,"date":"2026-02-23T15:05:11","date_gmt":"2026-02-23T15:05:11","guid":{"rendered":"https:\/\/vestyashop.com\/shop\/uncategorized\/organic-cotton-and-recycled-polyester-socks\/"},"modified":"2026-03-18T15:17:51","modified_gmt":"2026-03-18T15:17:51","slug":"organic-cotton-and-recycled-polyester-socks","status":"publish","type":"product","link":"https:\/\/vestyashop.com\/pt\/shop\/accessories\/socks\/organic-cotton-and-recycled-polyester-socks\/","title":{"rendered":"Meias de Algod\u00e3o Reciclado e Poli\u00e9ster Reciclado"},"content":{"rendered":"<p><strong>Design<\/strong><br \/>\n<a class=\"notion-link-token notion-focusable-token notion-enable-hover\" tabindex=\"0\" href=\"https:\/\/vestyashop.com\/product-tag\/cigi-pal-crew\/\" rel=\"noopener noreferrer\" data-token-index=\"0\"><span class=\"link-annotation-unknown-block-id--188840407\">Cigi Pal Crew<\/span><\/a> por <a class=\"notion-link-token notion-focusable-token notion-enable-hover\" tabindex=\"0\" href=\"https:\/\/vestyashop.com\/artists\/dsway\/\" rel=\"noopener noreferrer\" data-token-index=\"2\"><span class=\"link-annotation-unknown-block-id--1863457263\">Ds WAY<\/span><\/a> faz parte de uma fam\u00edlia de personagens ilustradas em constante crescimento, criadas a partir de embalagens de cigarros, combinadas com desenhos e colagens de outros materiais descartados. O projecto transforma desperd\u00edcios do quotidiano em figuras expressivas, sublinhando a reutiliza\u00e7\u00e3o, a observa\u00e7\u00e3o e o jogo criativo.<\/p>\n<p><strong>Cuidados a ter<\/strong><\/p>\n<p>Lavar \u00e0 m\u00e1quina a frio (m\u00e1x. 30 \u00b0C), do avesso com cores semelhantes e secar na m\u00e1quina a baixa temperatura. N\u00e3o usar lix\u00edvia nem limpeza a seco. Engomar do avesso, evitando as \u00e1reas impressas.<\/p>\n<p><strong>Conformidade GPSR<\/strong><\/p>\n<p>Este produto est\u00e1 em conformidade com o Regulamento Geral de Seguran\u00e7a dos Produtos (GPSR), garantindo seguran\u00e7a, transpar\u00eancia, rastreabilidade e produ\u00e7\u00e3o respons\u00e1vel. As certifica\u00e7\u00f5es deste produto asseguram a aus\u00eancia de pesticidas, inseticidas ou OGM, a rastreabilidade total dos materiais reciclados e condi\u00e7\u00f5es de trabalho justas. Para informa\u00e7\u00f5es atualizadas, visita o link no nosso <a href=\"https:\/\/vestyashop.com\/products\/certifications\/gpsr\/\">artigo sobre o GPSR<\/a> e consulta o separador \u201cInforma\u00e7\u00e3o Adicional\u201d para mais detalhes deste produto e suas certifica\u00e7\u00f5es.<\/p>\n<p><strong>Sizes<\/strong><\/p>\n<p>37\u201341 and 42\u201346<\/p>","protected":false},"excerpt":{"rendered":"<p>Meias de t\u00e9nis, concebidas para pr\u00e1tica desportiva e uso di\u00e1rio, aliando conforto, respirabilidade e durabilidade. Produzidas na Europa a partir de algod\u00e3o org\u00e2nico e poli\u00e9ster reciclado. O design \u00e9 impresso na face exterior vis\u00edvel de cada meia.<\/p>","protected":false},"featured_media":31283,"comment_status":"open","ping_status":"closed","template":"","meta":{"site-sidebar-layout":"default","site-content-layout":"","ast-site-content-layout":"default","site-content-style":"default","site-sidebar-style":"default","ast-global-header-display":"","ast-banner-title-visibility":"","ast-main-header-display":"","ast-hfb-above-header-display":"","ast-hfb-below-header-display":"","ast-hfb-mobile-header-display":"","site-post-title":"","ast-breadcrumbs-content":"","ast-featured-img":"","footer-sml-layout":"","ast-disable-related-posts":"","theme-transparent-header-meta":"default","adv-header-id-meta":"","stick-header-meta":"default","header-above-stick-meta":"","header-main-stick-meta":"","header-below-stick-meta":"","astra-migrate-meta-layouts":"set","ast-page-background-enabled":"default","ast-page-background-meta":{"desktop":{"background-color":"var(--ast-global-color-5)","background-image":"","background-repeat":"repeat","background-position":"center center","background-size":"auto","background-attachment":"scroll","background-type":"","background-media":"","overlay-type":"","overlay-color":"","overlay-opacity":"","overlay-gradient":""},"tablet":{"background-color":"","background-image":"","background-repeat":"repeat","background-position":"center center","background-size":"auto","background-attachment":"scroll","background-type":"","background-media":"","overlay-type":"","overlay-color":"","overlay-opacity":"","overlay-gradient":""},"mobile":{"background-color":"","background-image":"","background-repeat":"repeat","background-position":"center center","background-size":"auto","background-attachment":"scroll","background-type":"","background-media":"","overlay-type":"","overlay-color":"","overlay-opacity":"","overlay-gradient":""}},"ast-content-background-meta":{"desktop":{"background-color":"var(--ast-global-color-4)","background-image":"","background-repeat":"repeat","background-position":"center center","background-size":"auto","background-attachment":"scroll","background-type":"","background-media":"","overlay-type":"","overlay-color":"","overlay-opacity":"","overlay-gradient":""},"tablet":{"background-color":"var(--ast-global-color-4)","background-image":"","background-repeat":"repeat","background-position":"center center","background-size":"auto","background-attachment":"scroll","background-type":"","background-media":"","overlay-type":"","overlay-color":"","overlay-opacity":"","overlay-gradient":""},"mobile":{"background-color":"var(--ast-global-color-4)","background-image":"","background-repeat":"repeat","background-position":"center center","background-size":"auto","background-attachment":"scroll","background-type":"","background-media":"","overlay-type":"","overlay-color":"","overlay-opacity":"","overlay-gradient":""}}},"product_brand":[221,574],"product_cat":[337],"product_tag":[160,387,564,167],"class_list":{"0":"post-31285","1":"product","2":"type-product","3":"status-publish","4":"has-post-thumbnail","6":"product_brand-dsway","7":"product_brand-mr-socks","8":"product_cat-socks","9":"product_tag-cigi-pal-crew","10":"product_tag-dsway","11":"product_tag-organic-cotton-and-recycled-polyester-socks","12":"product_tag-tpop","13":"product_shipping_class-65","14":"pa_certifications-gots","15":"pa_certifications-grs","16":"pa_certifications-oeko-tex-standard-100","17":"pa_colour-white","18":"pa_materials-3-elastane","19":"pa_materials-35-recycled-polyester","20":"pa_materials-55-combed-organic-cotton","21":"pa_materials-7-polyamide","22":"desktop-align-center","23":"tablet-align-center","24":"mobile-align-center","25":"ast-product-gallery-layout-horizontal-slider","26":"ast-product-single-variable","27":"ast-product-tabs-layout-vertical","29":"first","30":"instock","31":"featured","32":"taxable","33":"shipping-taxable","34":"purchasable","35":"product-type-variable","36":"has-default-attributes"},"_links":{"self":[{"href":"https:\/\/vestyashop.com\/pt\/wp-json\/wp\/v2\/product\/31285","targetHints":{"allow":["GET"]}}],"collection":[{"href":"https:\/\/vestyashop.com\/pt\/wp-json\/wp\/v2\/product"}],"about":[{"href":"https:\/\/vestyashop.com\/pt\/wp-json\/wp\/v2\/types\/product"}],"replies":[{"embeddable":true,"href":"https:\/\/vestyashop.com\/pt\/wp-json\/wp\/v2\/comments?post=31285"}],"wp:featuredmedia":[{"embeddable":true,"href":"https:\/\/vestyashop.com\/pt\/wp-json\/wp\/v2\/media\/31283"}],"wp:attachment":[{"href":"https:\/\/vestyashop.com\/pt\/wp-json\/wp\/v2\/media?parent=31285"}],"wp:term":[{"taxonomy":"product_brand","embeddable":true,"href":"https:\/\/vestyashop.com\/pt\/wp-json\/wp\/v2\/product_brand?post=31285"},{"taxonomy":"product_cat","embeddable":true,"href":"https:\/\/vestyashop.com\/pt\/wp-json\/wp\/v2\/product_cat?post=31285"},{"taxonomy":"product_tag","embeddable":true,"href":"https:\/\/vestyashop.com\/pt\/wp-json\/wp\/v2\/product_tag?post=31285"}],"curies":[{"name":"wp","href":"https:\/\/api.w.org\/{rel}","templated":true}]}}