{"id":29969,"date":"2025-11-26T11:13:51","date_gmt":"2025-11-26T11:13:51","guid":{"rendered":"https:\/\/vestyashop.com\/shop\/uncategorized\/time-takes-time-fitted-t-shirt\/"},"modified":"2026-02-26T10:21:41","modified_gmt":"2026-02-26T10:21:41","slug":"organic-cotton-fitted-t-shirt","status":"publish","type":"product","link":"https:\/\/vestyashop.com\/pt\/shop\/clothing\/tshirts\/fitted-cut\/organic-cotton-fitted-t-shirt\/","title":{"rendered":"T-shirt Fit de Algod\u00e3o Org\u00e2nico"},"content":{"rendered":"<p><strong>Design<\/strong> <br \/><a class=\"notion-link-token notion-focusable-token notion-enable-hover\" tabindex=\"0\" href=\"https:\/\/vestyashop.com\/designs\/time-takes-time\/\" rel=\"noopener noreferrer\" data-token-index=\"0\"><span class=\"link-annotation-unknown-block-id-1438698970\">Time Takes Time<\/span><\/a> por\u00a0<a class=\"notion-link-token notion-focusable-token notion-enable-hover\" tabindex=\"0\" href=\"https:\/\/vestyashop.com\/artists\/dsway\/\" rel=\"noopener noreferrer\" data-token-index=\"2\"><span class=\"link-annotation-unknown-block-id--1863457263\">Ds WAY<\/span><\/a> \u00e9 uma cita\u00e7\u00e3o original manuscrita, transformada em colagem. Escrita a caneta preta sobre papel verde, com um apontamento em papel vermelho, a obra \u00e9 digitalizada e cuidadosamente composta, preservando o car\u00e1cter t\u00e1ctil dos materiais originais.<\/p>\r\n<!-- notionvc: ef05d8c2-2a89-4eec-ae26-af86ca2afd06 -->\r\n<p><strong>Cuidados a ter<\/strong> <br \/>Lavar \u00e0 m\u00e1quina a frio (m\u00e1x. 30 \u00b0C), do avesso com cores semelhantes e secar na m\u00e1quina a baixa temperatura. N\u00e3o usar lix\u00edvia nem limpeza a seco. Engomar do avesso, evitando as \u00e1reas impressas.<\/p>\r\n<p><strong>Conformidade GPSR<\/strong> <br \/>Este produto est\u00e1 em conformidade com o Regulamento Geral Europeu de Seguran\u00e7a dos Produtos (GPSR), garantindo seguran\u00e7a, transpar\u00eancia, rastreabilidade e produ\u00e7\u00e3o respons\u00e1vel. Para informa\u00e7\u00f5es atualizadas, visita o link no nosso <a href=\"https:\/\/vestyashop.com\/products\/certifications\/gpsr\/\">artigo sobre o GPSR<\/a> for updates and check the <strong>Informa\u00e7\u00e3o Adicional<\/strong> tab for more product details and all certifications.<\/p>\r\n<!-- notionvc: e9501dda-6445-4f9e-b58c-0fcbe6b591c6 -->\r\n<p>\u00a0 <strong>Sizing guide <\/strong>(Dimens\u00f5es em cm)<\/p>\r\n<table>\r\n<tbody>\r\n<tr>\r\n<td>\u00a0<\/td>\r\n<td>XS<\/td>\r\n<td>S<\/td>\r\n<td>M<\/td>\r\n<td>L<\/td>\r\n<td>XL<\/td>\r\n<td>2XL<\/td>\r\n<\/tr>\r\n<tr>\r\n<td>Largura<\/td>\r\n<td>43<\/td>\r\n<td>46<\/td>\r\n<td>49<\/td>\r\n<td>52<\/td>\r\n<td>55<\/td>\r\n<td>58<\/td>\r\n<\/tr>\r\n<tr>\r\n<td>Altura<\/td>\r\n<td>\u00a061<\/td>\r\n<td>63<\/td>\r\n<td>65<\/td>\r\n<td>67<\/td>\r\n<td>69<\/td>\r\n<td>71<\/td>\r\n<\/tr>\r\n<\/tbody>\r\n<\/table>\r\n<p>&nbsp;<\/p>","protected":false},"excerpt":{"rendered":"<p>T-shirt concebida para conforto di\u00e1rio, aliando suavidade e um corte feminino, com costuras laterais para maior estrutura. Produzida com 100% Algod\u00e3o Org\u00e2nico fiado e penteado, para um toque delicado e duradouro.<\/p>","protected":false},"featured_media":29953,"comment_status":"open","ping_status":"closed","template":"","meta":{"site-sidebar-layout":"default","site-content-layout":"","ast-site-content-layout":"default","site-content-style":"default","site-sidebar-style":"default","ast-global-header-display":"","ast-banner-title-visibility":"","ast-main-header-display":"","ast-hfb-above-header-display":"","ast-hfb-below-header-display":"","ast-hfb-mobile-header-display":"","site-post-title":"","ast-breadcrumbs-content":"","ast-featured-img":"","footer-sml-layout":"","ast-disable-related-posts":"","theme-transparent-header-meta":"default","adv-header-id-meta":"","stick-header-meta":"default","header-above-stick-meta":"","header-main-stick-meta":"","header-below-stick-meta":"","astra-migrate-meta-layouts":"set","ast-page-background-enabled":"default","ast-page-background-meta":{"desktop":{"background-color":"var(--ast-global-color-5)","background-image":"","background-repeat":"repeat","background-position":"center center","background-size":"auto","background-attachment":"scroll","background-type":"","background-media":"","overlay-type":"","overlay-color":"","overlay-opacity":"","overlay-gradient":""},"tablet":{"background-color":"","background-image":"","background-repeat":"repeat","background-position":"center center","background-size":"auto","background-attachment":"scroll","background-type":"","background-media":"","overlay-type":"","overlay-color":"","overlay-opacity":"","overlay-gradient":""},"mobile":{"background-color":"","background-image":"","background-repeat":"repeat","background-position":"center center","background-size":"auto","background-attachment":"scroll","background-type":"","background-media":"","overlay-type":"","overlay-color":"","overlay-opacity":"","overlay-gradient":""}},"ast-content-background-meta":{"desktop":{"background-color":"var(--ast-global-color-4)","background-image":"","background-repeat":"repeat","background-position":"center center","background-size":"auto","background-attachment":"scroll","background-type":"","background-media":"","overlay-type":"","overlay-color":"","overlay-opacity":"","overlay-gradient":""},"tablet":{"background-color":"var(--ast-global-color-4)","background-image":"","background-repeat":"repeat","background-position":"center center","background-size":"auto","background-attachment":"scroll","background-type":"","background-media":"","overlay-type":"","overlay-color":"","overlay-opacity":"","overlay-gradient":""},"mobile":{"background-color":"var(--ast-global-color-4)","background-image":"","background-repeat":"repeat","background-position":"center center","background-size":"auto","background-attachment":"scroll","background-type":"","background-media":"","overlay-type":"","overlay-color":"","overlay-opacity":"","overlay-gradient":""}}},"product_brand":[221,573],"product_cat":[22,18],"product_tag":[387,534,382,167],"class_list":{"0":"post-29969","1":"product","2":"type-product","3":"status-publish","4":"has-post-thumbnail","6":"product_brand-dsway","7":"product_brand-native-spirit","8":"product_cat-fitted-cut","9":"product_cat-tshirts","10":"product_tag-dsway","11":"product_tag-organic-cotton-fitted-t-shirt","12":"product_tag-time-takes-time","13":"product_tag-tpop","14":"product_shipping_class-65","15":"pa_certifications-eve-vegan","16":"pa_certifications-gots","17":"pa_certifications-oeko-tex-standard-100","18":"pa_colour-black","19":"pa_colour-lavender","20":"pa_colour-natural","21":"pa_colour-navy-blue","22":"pa_colour-pink","23":"pa_colour-white","24":"pa_cut-fit","25":"pa_materials-100-organic-ring-spun-combed-cotton","26":"pa_size-2xl","27":"pa_size-l","28":"pa_size-m","29":"pa_size-s","30":"pa_size-xl","31":"pa_size-xs","32":"desktop-align-center","33":"tablet-align-center","34":"mobile-align-center","35":"ast-product-gallery-layout-horizontal-slider","36":"ast-product-single-variable","37":"ast-product-tabs-layout-vertical","39":"first","40":"instock","41":"taxable","42":"shipping-taxable","43":"purchasable","44":"product-type-variable","45":"has-default-attributes"},"_links":{"self":[{"href":"https:\/\/vestyashop.com\/pt\/wp-json\/wp\/v2\/product\/29969","targetHints":{"allow":["GET"]}}],"collection":[{"href":"https:\/\/vestyashop.com\/pt\/wp-json\/wp\/v2\/product"}],"about":[{"href":"https:\/\/vestyashop.com\/pt\/wp-json\/wp\/v2\/types\/product"}],"replies":[{"embeddable":true,"href":"https:\/\/vestyashop.com\/pt\/wp-json\/wp\/v2\/comments?post=29969"}],"wp:featuredmedia":[{"embeddable":true,"href":"https:\/\/vestyashop.com\/pt\/wp-json\/wp\/v2\/media\/29953"}],"wp:attachment":[{"href":"https:\/\/vestyashop.com\/pt\/wp-json\/wp\/v2\/media?parent=29969"}],"wp:term":[{"taxonomy":"product_brand","embeddable":true,"href":"https:\/\/vestyashop.com\/pt\/wp-json\/wp\/v2\/product_brand?post=29969"},{"taxonomy":"product_cat","embeddable":true,"href":"https:\/\/vestyashop.com\/pt\/wp-json\/wp\/v2\/product_cat?post=29969"},{"taxonomy":"product_tag","embeddable":true,"href":"https:\/\/vestyashop.com\/pt\/wp-json\/wp\/v2\/product_tag?post=29969"}],"curies":[{"name":"wp","href":"https:\/\/api.w.org\/{rel}","templated":true}]}}