{"id":29968,"date":"2025-11-26T11:13:51","date_gmt":"2025-11-26T11:13:51","guid":{"rendered":"https:\/\/vestyashop.com\/shop\/uncategorized\/cigi-pal-coffee-lover-heavyweight-t-shirt\/"},"modified":"2026-02-26T10:22:49","modified_gmt":"2026-02-26T10:22:49","slug":"organic-cotton-t-shirt-4","status":"publish","type":"product","link":"https:\/\/vestyashop.com\/pt\/shop\/clothing\/tshirts\/straight-cut\/organic-cotton-t-shirt-4\/","title":{"rendered":"T-shirt de Algod\u00e3o Org\u00e2nico"},"content":{"rendered":"<p>T-shirt unissexo de gramagem superior, concebida para conforto di\u00e1rio, aliando durabilidade, suavidade e materiais sustent\u00e1veis.<\/p>\n<p><strong>Artwork<\/strong><br \/>\n\u201c<a href=\"https:\/\/vestyashop.com\/designs\/cigi-pal-crew\/\">Cigi Pal Crew<\/a>por\u00a0<a href=\"https:\/\/vestyashop.com\/artists\/dsway\/\">Ds WAY<\/a>\u00a0is a digital illustration and deviation of the famous children crossing road sign. Solid black, white and red colour vector with transparency.<\/p>\n<p><strong>Cuidados a ter<\/strong><br \/>\nMachine wash cold (max 30\u00b0 or 90\u00b0F) with similar colours.<br \/>\nDo not iron on the design; wash and iron inside out.<\/p>\n<p><strong>Conformidade GPSR<\/strong><br \/>\nThis product complies with the General Product Safety Regulation (GPSR) and ensures transparency, traceability, and safety.\u00a0 Certified standards guarantee: no use of pesticides, insecticides or GMOs, full traceability of recycled raw materials, decent working conditions and fair wages for farmers and workers. Visit the\u00a0<a href=\"https:\/\/mygpsr.eu\/t\/6084547\/15\" target=\"_blank\" rel=\"noopener\">link<\/a>\u00a0.<\/p>\n<p><strong>Sizing guide<\/strong><\/p>\n<table>\n<tbody>\n<tr>\n<td>Dimens\u00f5es em cm<\/td>\n<td>XS<\/td>\n<td>S<\/td>\n<td>M<\/td>\n<td>L<\/td>\n<td>XL<\/td>\n<td>2XL<\/td>\n<td>3XL<\/td>\n<td>4XL<\/td>\n<\/tr>\n<tr>\n<td>Largura<\/td>\n<td>46<\/td>\n<td>49<\/td>\n<td>52<\/td>\n<td>55<\/td>\n<td>58<\/td>\n<td>61<\/td>\n<td>64<\/td>\n<td>67<\/td>\n<\/tr>\n<tr>\n<td>Altura<\/td>\n<td>68<\/td>\n<td>70<\/td>\n<td>72<\/td>\n<td>74<\/td>\n<td>76<\/td>\n<td>78<\/td>\n<td>80<\/td>\n<td>82<\/td>\n<\/tr>\n<\/tbody>\n<\/table>","protected":false},"excerpt":{"rendered":"<p>Unisex heavyweight eco-friendly t-shirt designed for comfort, durability, and everyday wear. Artwork \u201cCigi Pal Crew\u201d by\u00a0Ds WAY\u00a0is a digital illustration and deviation of the famous children crossing road sign. Solid [&hellip;]<\/p>\n","protected":false},"featured_media":29957,"comment_status":"open","ping_status":"closed","template":"","meta":{"site-sidebar-layout":"default","site-content-layout":"","ast-site-content-layout":"default","site-content-style":"default","site-sidebar-style":"default","ast-global-header-display":"","ast-banner-title-visibility":"","ast-main-header-display":"","ast-hfb-above-header-display":"","ast-hfb-below-header-display":"","ast-hfb-mobile-header-display":"","site-post-title":"","ast-breadcrumbs-content":"","ast-featured-img":"","footer-sml-layout":"","ast-disable-related-posts":"","theme-transparent-header-meta":"default","adv-header-id-meta":"","stick-header-meta":"default","header-above-stick-meta":"","header-main-stick-meta":"","header-below-stick-meta":"","astra-migrate-meta-layouts":"set","ast-page-background-enabled":"default","ast-page-background-meta":{"desktop":{"background-color":"var(--ast-global-color-5)","background-image":"","background-repeat":"repeat","background-position":"center center","background-size":"auto","background-attachment":"scroll","background-type":"","background-media":"","overlay-type":"","overlay-color":"","overlay-opacity":"","overlay-gradient":""},"tablet":{"background-color":"","background-image":"","background-repeat":"repeat","background-position":"center center","background-size":"auto","background-attachment":"scroll","background-type":"","background-media":"","overlay-type":"","overlay-color":"","overlay-opacity":"","overlay-gradient":""},"mobile":{"background-color":"","background-image":"","background-repeat":"repeat","background-position":"center center","background-size":"auto","background-attachment":"scroll","background-type":"","background-media":"","overlay-type":"","overlay-color":"","overlay-opacity":"","overlay-gradient":""}},"ast-content-background-meta":{"desktop":{"background-color":"var(--ast-global-color-4)","background-image":"","background-repeat":"repeat","background-position":"center center","background-size":"auto","background-attachment":"scroll","background-type":"","background-media":"","overlay-type":"","overlay-color":"","overlay-opacity":"","overlay-gradient":""},"tablet":{"background-color":"var(--ast-global-color-4)","background-image":"","background-repeat":"repeat","background-position":"center center","background-size":"auto","background-attachment":"scroll","background-type":"","background-media":"","overlay-type":"","overlay-color":"","overlay-opacity":"","overlay-gradient":""},"mobile":{"background-color":"var(--ast-global-color-4)","background-image":"","background-repeat":"repeat","background-position":"center center","background-size":"auto","background-attachment":"scroll","background-type":"","background-media":"","overlay-type":"","overlay-color":"","overlay-opacity":"","overlay-gradient":""}}},"product_brand":[221,573],"product_cat":[24,18,15],"product_tag":[160,387,533,167],"class_list":{"0":"post-29968","1":"product","2":"type-product","3":"status-publish","4":"has-post-thumbnail","6":"product_brand-dsway","7":"product_brand-native-spirit","8":"product_cat-straight-cut","9":"product_cat-tshirts","10":"product_cat-uncategorised","11":"product_tag-cigi-pal-crew","12":"product_tag-dsway","13":"product_tag-organic-cotton-t-shirt","14":"product_tag-tpop","15":"product_shipping_class-65","16":"pa_certifications-eve-vegan","17":"pa_certifications-gots","18":"pa_certifications-oeko-tex-standard-100","19":"pa_colour-black","20":"pa_colour-burgundy","21":"pa_colour-navy-blue","22":"pa_colour-pink","23":"pa_materials-100-organic-ring-spun-combed-cotton","24":"pa_size-2xl","25":"pa_size-3xl","26":"pa_size-4xl","27":"pa_size-l","28":"pa_size-m","29":"pa_size-s","30":"pa_size-xl","31":"pa_size-xs","32":"desktop-align-center","33":"tablet-align-center","34":"mobile-align-center","35":"ast-product-gallery-layout-horizontal-slider","36":"ast-product-single-variable","37":"ast-product-tabs-layout-vertical","39":"first","40":"instock","41":"featured","42":"taxable","43":"shipping-taxable","44":"purchasable","45":"product-type-variable","46":"has-default-attributes"},"_links":{"self":[{"href":"https:\/\/vestyashop.com\/pt\/wp-json\/wp\/v2\/product\/29968","targetHints":{"allow":["GET"]}}],"collection":[{"href":"https:\/\/vestyashop.com\/pt\/wp-json\/wp\/v2\/product"}],"about":[{"href":"https:\/\/vestyashop.com\/pt\/wp-json\/wp\/v2\/types\/product"}],"replies":[{"embeddable":true,"href":"https:\/\/vestyashop.com\/pt\/wp-json\/wp\/v2\/comments?post=29968"}],"wp:featuredmedia":[{"embeddable":true,"href":"https:\/\/vestyashop.com\/pt\/wp-json\/wp\/v2\/media\/29957"}],"wp:attachment":[{"href":"https:\/\/vestyashop.com\/pt\/wp-json\/wp\/v2\/media?parent=29968"}],"wp:term":[{"taxonomy":"product_brand","embeddable":true,"href":"https:\/\/vestyashop.com\/pt\/wp-json\/wp\/v2\/product_brand?post=29968"},{"taxonomy":"product_cat","embeddable":true,"href":"https:\/\/vestyashop.com\/pt\/wp-json\/wp\/v2\/product_cat?post=29968"},{"taxonomy":"product_tag","embeddable":true,"href":"https:\/\/vestyashop.com\/pt\/wp-json\/wp\/v2\/product_tag?post=29968"}],"curies":[{"name":"wp","href":"https:\/\/api.w.org\/{rel}","templated":true}]}}