{"id":29910,"date":"2025-11-26T11:11:28","date_gmt":"2025-11-26T11:11:28","guid":{"rendered":"https:\/\/vestyashop.com\/shop\/uncategorized\/cigi-pal-one-fitted-long-sleeve\/"},"modified":"2026-03-26T10:42:12","modified_gmt":"2026-03-26T10:42:12","slug":"organic-cotton-fitted-long-sleeve-t-shirt-4","status":"publish","type":"product","link":"https:\/\/vestyashop.com\/pt\/shop\/clothing\/tshirts\/fitted-cut\/organic-cotton-fitted-long-sleeve-t-shirt-4\/","title":{"rendered":"T-shirt fit de Manga Comprida de Algod\u00e3o Org\u00e2nico"},"content":{"rendered":"<p><strong>Design<\/strong><\/p>\n<p>\u201c<a class=\"notion-link-token notion-focusable-token notion-enable-hover\" tabindex=\"0\" href=\"https:\/\/vestyashop.com\/product-tag\/cigi-pal-crew\/\" rel=\"noopener noreferrer\" data-token-index=\"1\"><span class=\"link-annotation-unknown-block-id--188840407\">Cigi Pal Crew<\/span><\/a>por <a class=\"notion-link-token notion-focusable-token notion-enable-hover\" tabindex=\"0\" href=\"https:\/\/vestyashop.com\/artists\/dsway\/\" rel=\"noopener noreferrer\" data-token-index=\"3\"><span class=\"link-annotation-unknown-block-id--1863457263\">Ds WAY<\/span><\/a> &#8221; is an ever-growing family of illustrated characters created from the inside of cigarette packages, combined with drawings and collages made from other discarded materials.<br \/>\nWant this design in a different product and can\u2019t find it in our shop? Fill out the form in our <a href=\"https:\/\/vestyashop.com\/made-to-order-request\/\">Made To Order Request<\/a> page and we\u2019ll create it for you!<\/p>\n<p><strong>Cuidados a ter<\/strong><\/p>\n<p>Lavar \u00e0 m\u00e1quina a frio (m\u00e1x. 30 \u00b0C), do avesso com cores semelhantes e secar na m\u00e1quina a baixa temperatura. N\u00e3o usar lix\u00edvia nem limpeza a seco. Engomar do avesso, evitando as \u00e1reas impressas.<\/p>\n<p><strong>Conformidade GPSR<\/strong><\/p>\n<p>Este produto est\u00e1 em conformidade com o Regulamento Geral de Seguran\u00e7a dos Produtos (GPSR), garantindo seguran\u00e7a, transpar\u00eancia, rastreabilidade e produ\u00e7\u00e3o respons\u00e1vel. As certifica\u00e7\u00f5es deste produto asseguram a aus\u00eancia de pesticidas, inseticidas ou OGM, a rastreabilidade total dos materiais reciclados e condi\u00e7\u00f5es de trabalho justas. Para informa\u00e7\u00f5es atualizadas, visita o link no nosso <a href=\"https:\/\/vestyashop.com\/products\/certifications\/gpsr\/\">artigo sobre o GPSR<\/a> e consulta o separador \u201cInforma\u00e7\u00e3o Adicional\u201d para mais detalhes deste produto e suas certifica\u00e7\u00f5es.<\/p>\n<p><strong>Guia de Tamanhos<\/strong><\/p>\n<table>\n<thead>\n<tr>\n<th style=\"text-align: center;\">Dimens\u00f5es em cm<\/th>\n<th style=\"text-align: center;\">XS<\/th>\n<th style=\"text-align: center;\">S<\/th>\n<th style=\"text-align: center;\">M<\/th>\n<th style=\"text-align: center;\">L<\/th>\n<th style=\"text-align: center;\">XL<\/th>\n<\/tr>\n<\/thead>\n<tbody>\n<tr>\n<td style=\"text-align: center;\">Largura<\/td>\n<td style=\"text-align: center;\">42<\/td>\n<td style=\"text-align: center;\">44,5<\/td>\n<td style=\"text-align: center;\">47,5<\/td>\n<td style=\"text-align: center;\">50,5<\/td>\n<td style=\"text-align: center;\">53,5<\/td>\n<\/tr>\n<tr>\n<td style=\"text-align: center;\">Altura<\/td>\n<td style=\"text-align: center;\">62<\/td>\n<td style=\"text-align: center;\">64<\/td>\n<td style=\"text-align: center;\">66<\/td>\n<td style=\"text-align: center;\">68<\/td>\n<td style=\"text-align: center;\">69<\/td>\n<\/tr>\n<\/tbody>\n<\/table>\n<p><!-- notionvc: 65bee4f3-3de2-479d-9902-165413767422 --><\/p>\n<p>&nbsp;<\/p>","protected":false},"excerpt":{"rendered":"<p>T-shirt de manga comprida unissexo com corte direito e acabamento limpo, concebida para conforto di\u00e1rio. Produzida com 100% Algod\u00e3o Org\u00e2nico fiado e penteado, para um toque delicado e duradouro.<\/p>","protected":false},"featured_media":29906,"comment_status":"open","ping_status":"closed","template":"","meta":{"site-sidebar-layout":"default","site-content-layout":"","ast-site-content-layout":"default","site-content-style":"default","site-sidebar-style":"default","ast-global-header-display":"","ast-banner-title-visibility":"","ast-main-header-display":"","ast-hfb-above-header-display":"","ast-hfb-below-header-display":"","ast-hfb-mobile-header-display":"","site-post-title":"","ast-breadcrumbs-content":"","ast-featured-img":"","footer-sml-layout":"","ast-disable-related-posts":"","theme-transparent-header-meta":"default","adv-header-id-meta":"","stick-header-meta":"default","header-above-stick-meta":"","header-main-stick-meta":"","header-below-stick-meta":"","astra-migrate-meta-layouts":"set","ast-page-background-enabled":"default","ast-page-background-meta":{"desktop":{"background-color":"var(--ast-global-color-5)","background-image":"","background-repeat":"repeat","background-position":"center center","background-size":"auto","background-attachment":"scroll","background-type":"","background-media":"","overlay-type":"","overlay-color":"","overlay-opacity":"","overlay-gradient":""},"tablet":{"background-color":"","background-image":"","background-repeat":"repeat","background-position":"center center","background-size":"auto","background-attachment":"scroll","background-type":"","background-media":"","overlay-type":"","overlay-color":"","overlay-opacity":"","overlay-gradient":""},"mobile":{"background-color":"","background-image":"","background-repeat":"repeat","background-position":"center center","background-size":"auto","background-attachment":"scroll","background-type":"","background-media":"","overlay-type":"","overlay-color":"","overlay-opacity":"","overlay-gradient":""}},"ast-content-background-meta":{"desktop":{"background-color":"var(--ast-global-color-4)","background-image":"","background-repeat":"repeat","background-position":"center center","background-size":"auto","background-attachment":"scroll","background-type":"","background-media":"","overlay-type":"","overlay-color":"","overlay-opacity":"","overlay-gradient":""},"tablet":{"background-color":"var(--ast-global-color-4)","background-image":"","background-repeat":"repeat","background-position":"center center","background-size":"auto","background-attachment":"scroll","background-type":"","background-media":"","overlay-type":"","overlay-color":"","overlay-opacity":"","overlay-gradient":""},"mobile":{"background-color":"var(--ast-global-color-4)","background-image":"","background-repeat":"repeat","background-position":"center center","background-size":"auto","background-attachment":"scroll","background-type":"","background-media":"","overlay-type":"","overlay-color":"","overlay-opacity":"","overlay-gradient":""}}},"product_brand":[221,576],"product_cat":[22,86,15],"product_tag":[160,387,541,167],"class_list":{"0":"post-29910","1":"product","2":"type-product","3":"status-publish","4":"has-post-thumbnail","6":"product_brand-dsway","7":"product_brand-stanley-stella","8":"product_cat-fitted-cut","9":"product_cat-sweatshirts","10":"product_cat-uncategorised","11":"product_tag-cigi-pal-crew","12":"product_tag-dsway","13":"product_tag-organic-cotton-fitted-long-sleeve-t-shirt","14":"product_tag-tpop","15":"product_shipping_class-65","16":"pa_certifications-fair-wear","17":"pa_certifications-gots","18":"pa_certifications-peta-approved-vegan","19":"pa_colour-black","20":"pa_materials-100-organic-ring-spun-combed-cotton","21":"pa_size-l","22":"pa_size-m","23":"pa_size-s","24":"pa_size-xs","25":"desktop-align-center","26":"tablet-align-center","27":"mobile-align-center","28":"ast-product-gallery-layout-horizontal-slider","29":"ast-product-gallery-with-no-image","30":"ast-product-single-variable","31":"ast-product-tabs-layout-vertical","33":"first","34":"instock","35":"sale","36":"featured","37":"taxable","38":"shipping-taxable","39":"purchasable","40":"product-type-variable","41":"has-default-attributes"},"_links":{"self":[{"href":"https:\/\/vestyashop.com\/pt\/wp-json\/wp\/v2\/product\/29910","targetHints":{"allow":["GET"]}}],"collection":[{"href":"https:\/\/vestyashop.com\/pt\/wp-json\/wp\/v2\/product"}],"about":[{"href":"https:\/\/vestyashop.com\/pt\/wp-json\/wp\/v2\/types\/product"}],"replies":[{"embeddable":true,"href":"https:\/\/vestyashop.com\/pt\/wp-json\/wp\/v2\/comments?post=29910"}],"wp:featuredmedia":[{"embeddable":true,"href":"https:\/\/vestyashop.com\/pt\/wp-json\/wp\/v2\/media\/29906"}],"wp:attachment":[{"href":"https:\/\/vestyashop.com\/pt\/wp-json\/wp\/v2\/media?parent=29910"}],"wp:term":[{"taxonomy":"product_brand","embeddable":true,"href":"https:\/\/vestyashop.com\/pt\/wp-json\/wp\/v2\/product_brand?post=29910"},{"taxonomy":"product_cat","embeddable":true,"href":"https:\/\/vestyashop.com\/pt\/wp-json\/wp\/v2\/product_cat?post=29910"},{"taxonomy":"product_tag","embeddable":true,"href":"https:\/\/vestyashop.com\/pt\/wp-json\/wp\/v2\/product_tag?post=29910"}],"curies":[{"name":"wp","href":"https:\/\/api.w.org\/{rel}","templated":true}]}}