{"id":29883,"date":"2025-11-26T11:11:17","date_gmt":"2025-11-26T11:11:17","guid":{"rendered":"https:\/\/vestyashop.com\/shop\/uncategorized\/walk-a-way-fitted-long-sleeve\/"},"modified":"2026-03-18T15:29:50","modified_gmt":"2026-03-18T15:29:50","slug":"organic-cotton-fitted-long-sleeve-t-shirt-8","status":"publish","type":"product","link":"https:\/\/vestyashop.com\/pt\/shop\/clothing\/tshirts\/fitted-cut\/organic-cotton-fitted-long-sleeve-t-shirt-8\/","title":{"rendered":"T-shirt fit de Manga Comprida de Algod\u00e3o Org\u00e2nico"},"content":{"rendered":"<p><strong>Design<\/strong><\/p>\n<p><a class=\"notion-link-token notion-focusable-token notion-enable-hover\" tabindex=\"0\" href=\"https:\/\/vestyashop.com\/designs\/walk-a-way\/\" rel=\"noopener noreferrer\" data-token-index=\"0\"><span class=\"link-annotation-unknown-block-id-1637485527\">Walk a Way<\/span><\/a> por <a class=\"notion-link-token notion-focusable-token notion-enable-hover\" tabindex=\"0\" href=\"https:\/\/vestyashop.com\/artists\/dsway\/\" rel=\"noopener noreferrer\" data-token-index=\"2\"><span class=\"link-annotation-unknown-block-id--1863457263\">Ds WAY<\/span><\/a> \u00e9 uma ilustra\u00e7\u00e3o digital que reinterpreta o ic\u00f3nico sinal rodovi\u00e1rio da travessia de crian\u00e7as, propondo um desvio l\u00fadico e cr\u00edtico de um elemento visual familiar.<\/p>\n<p><strong>Cuidados a ter<\/strong><\/p>\n<p>Lavar \u00e0 m\u00e1quina a frio (m\u00e1x. 30 \u00b0C), do avesso com cores semelhantes e secar na m\u00e1quina a baixa temperatura. N\u00e3o usar lix\u00edvia nem limpeza a seco. Engomar do avesso, evitando as \u00e1reas impressas.<\/p>\n<p><strong>Conformidade GPSR<\/strong><\/p>\n<p>Este produto est\u00e1 em conformidade com o Regulamento Geral de Seguran\u00e7a dos Produtos (GPSR), garantindo seguran\u00e7a, transpar\u00eancia, rastreabilidade e produ\u00e7\u00e3o respons\u00e1vel. As certifica\u00e7\u00f5es deste produto asseguram a aus\u00eancia de pesticidas, inseticidas ou OGM, a rastreabilidade total dos materiais reciclados e condi\u00e7\u00f5es de trabalho justas. Para informa\u00e7\u00f5es atualizadas, visita o link no nosso <a href=\"https:\/\/vestyashop.com\/products\/certifications\/gpsr\/\">artigo sobre o GPSR<\/a> e consulta o separador \u201cInforma\u00e7\u00e3o Adicional\u201d para mais detalhes deste produto e suas certifica\u00e7\u00f5es.<\/p>\n<p><strong>Guia de Tamanhos<\/strong><\/p>\n<table>\n<thead>\n<tr>\n<th style=\"text-align: center;\">Dimens\u00f5es em cm<\/th>\n<th style=\"text-align: center;\">XS<\/th>\n<th style=\"text-align: center;\">S<\/th>\n<th style=\"text-align: center;\">M<\/th>\n<th style=\"text-align: center;\">L<\/th>\n<th style=\"text-align: center;\">XL<\/th>\n<\/tr>\n<\/thead>\n<tbody>\n<tr>\n<td style=\"text-align: center;\">Largura<\/td>\n<td style=\"text-align: center;\">42<\/td>\n<td style=\"text-align: center;\">44,5<\/td>\n<td style=\"text-align: center;\">47,5<\/td>\n<td style=\"text-align: center;\">50,5<\/td>\n<td style=\"text-align: center;\">53,5<\/td>\n<\/tr>\n<tr>\n<td style=\"text-align: center;\">Altura<\/td>\n<td style=\"text-align: center;\">62<\/td>\n<td style=\"text-align: center;\">64<\/td>\n<td style=\"text-align: center;\">66<\/td>\n<td style=\"text-align: center;\">68<\/td>\n<td style=\"text-align: center;\">69<\/td>\n<\/tr>\n<\/tbody>\n<\/table>\n<p><!-- notionvc: 65bee4f3-3de2-479d-9902-165413767422 --><\/p>","protected":false},"excerpt":{"rendered":"<p>T-shirt de manga comprida unissexo com corte direito e acabamento limpo, concebida para conforto di\u00e1rio. Produzida com 100% Algod\u00e3o Org\u00e2nico fiado e penteado, para um toque delicado e duradouro.<\/p>","protected":false},"featured_media":29882,"comment_status":"open","ping_status":"closed","template":"","meta":{"site-sidebar-layout":"default","site-content-layout":"","ast-site-content-layout":"default","site-content-style":"default","site-sidebar-style":"default","ast-global-header-display":"","ast-banner-title-visibility":"","ast-main-header-display":"","ast-hfb-above-header-display":"","ast-hfb-below-header-display":"","ast-hfb-mobile-header-display":"","site-post-title":"","ast-breadcrumbs-content":"","ast-featured-img":"","footer-sml-layout":"","ast-disable-related-posts":"","theme-transparent-header-meta":"default","adv-header-id-meta":"","stick-header-meta":"default","header-above-stick-meta":"","header-main-stick-meta":"","header-below-stick-meta":"","astra-migrate-meta-layouts":"set","ast-page-background-enabled":"default","ast-page-background-meta":{"desktop":{"background-color":"var(--ast-global-color-5)","background-image":"","background-repeat":"repeat","background-position":"center center","background-size":"auto","background-attachment":"scroll","background-type":"","background-media":"","overlay-type":"","overlay-color":"","overlay-opacity":"","overlay-gradient":""},"tablet":{"background-color":"","background-image":"","background-repeat":"repeat","background-position":"center center","background-size":"auto","background-attachment":"scroll","background-type":"","background-media":"","overlay-type":"","overlay-color":"","overlay-opacity":"","overlay-gradient":""},"mobile":{"background-color":"","background-image":"","background-repeat":"repeat","background-position":"center center","background-size":"auto","background-attachment":"scroll","background-type":"","background-media":"","overlay-type":"","overlay-color":"","overlay-opacity":"","overlay-gradient":""}},"ast-content-background-meta":{"desktop":{"background-color":"var(--ast-global-color-4)","background-image":"","background-repeat":"repeat","background-position":"center center","background-size":"auto","background-attachment":"scroll","background-type":"","background-media":"","overlay-type":"","overlay-color":"","overlay-opacity":"","overlay-gradient":""},"tablet":{"background-color":"var(--ast-global-color-4)","background-image":"","background-repeat":"repeat","background-position":"center center","background-size":"auto","background-attachment":"scroll","background-type":"","background-media":"","overlay-type":"","overlay-color":"","overlay-opacity":"","overlay-gradient":""},"mobile":{"background-color":"var(--ast-global-color-4)","background-image":"","background-repeat":"repeat","background-position":"center center","background-size":"auto","background-attachment":"scroll","background-type":"","background-media":"","overlay-type":"","overlay-color":"","overlay-opacity":"","overlay-gradient":""}}},"product_brand":[221,576],"product_cat":[22,86,15],"product_tag":[387,541,167,381],"class_list":{"0":"post-29883","1":"product","2":"type-product","3":"status-publish","4":"has-post-thumbnail","6":"product_brand-dsway","7":"product_brand-stanley-stella","8":"product_cat-fitted-cut","9":"product_cat-sweatshirts","10":"product_cat-uncategorised","11":"product_tag-dsway","12":"product_tag-organic-cotton-fitted-long-sleeve-t-shirt","13":"product_tag-tpop","14":"product_tag-walk-a-way","15":"product_shipping_class-65","16":"pa_certifications-fair-wear","17":"pa_certifications-gots","18":"pa_certifications-peta-approved-vegan","19":"pa_colour-white","20":"pa_materials-100-organic-ring-spun-combed-cotton","21":"pa_size-l","22":"pa_size-m","23":"pa_size-s","24":"pa_size-xl","25":"pa_size-xs","26":"desktop-align-center","27":"tablet-align-center","28":"mobile-align-center","29":"ast-product-gallery-layout-horizontal-slider","30":"ast-product-gallery-with-no-image","31":"ast-product-single-variable","32":"ast-product-tabs-layout-vertical","34":"first","35":"instock","36":"sale","37":"taxable","38":"shipping-taxable","39":"purchasable","40":"product-type-variable","41":"has-default-attributes"},"_links":{"self":[{"href":"https:\/\/vestyashop.com\/pt\/wp-json\/wp\/v2\/product\/29883","targetHints":{"allow":["GET"]}}],"collection":[{"href":"https:\/\/vestyashop.com\/pt\/wp-json\/wp\/v2\/product"}],"about":[{"href":"https:\/\/vestyashop.com\/pt\/wp-json\/wp\/v2\/types\/product"}],"replies":[{"embeddable":true,"href":"https:\/\/vestyashop.com\/pt\/wp-json\/wp\/v2\/comments?post=29883"}],"wp:featuredmedia":[{"embeddable":true,"href":"https:\/\/vestyashop.com\/pt\/wp-json\/wp\/v2\/media\/29882"}],"wp:attachment":[{"href":"https:\/\/vestyashop.com\/pt\/wp-json\/wp\/v2\/media?parent=29883"}],"wp:term":[{"taxonomy":"product_brand","embeddable":true,"href":"https:\/\/vestyashop.com\/pt\/wp-json\/wp\/v2\/product_brand?post=29883"},{"taxonomy":"product_cat","embeddable":true,"href":"https:\/\/vestyashop.com\/pt\/wp-json\/wp\/v2\/product_cat?post=29883"},{"taxonomy":"product_tag","embeddable":true,"href":"https:\/\/vestyashop.com\/pt\/wp-json\/wp\/v2\/product_tag?post=29883"}],"curies":[{"name":"wp","href":"https:\/\/api.w.org\/{rel}","templated":true}]}}