{"id":29681,"date":"2025-11-24T18:00:51","date_gmt":"2025-11-24T18:00:51","guid":{"rendered":"https:\/\/vestyashop.com\/shop\/uncategorized\/green-planet-zip-up-hoodie\/"},"modified":"2026-02-26T10:31:40","modified_gmt":"2026-02-26T10:31:40","slug":"organic-cotton-and-recycled-polyester-zipped-hoodie-2","status":"publish","type":"product","link":"https:\/\/vestyashop.com\/pt\/shop\/clothing\/hoodies\/organic-cotton-and-recycled-polyester-zipped-hoodie-2\/","title":{"rendered":"Hoodie com fecho de Algod\u00e3o Reciclado e Poli\u00e9ster Reciclado"},"content":{"rendered":"<p><strong>Design<\/strong><\/p>\n<p><a class=\"notion-link-token notion-focusable-token notion-enable-hover\" tabindex=\"0\" href=\"https:\/\/vestyashop.com\/designs\/green-planet\/\" rel=\"noopener noreferrer\" data-token-index=\"0\"><span class=\"link-annotation-unknown-block-id--2096916140\">Green Planet<\/span><\/a> por <a class=\"notion-link-token notion-focusable-token notion-enable-hover\" tabindex=\"0\" href=\"https:\/\/vestyashop.com\/artists\/dsway\/\" rel=\"noopener noreferrer\" data-token-index=\"2\"><span class=\"link-annotation-unknown-block-id--1863457263\">Ds WAY<\/span><\/a> \u00e9 uma pintura original em t\u00e9cnica mista, criada durante as horas douradas do outono e inspirada nas texturas da natureza. Estampagem verde em bloco de madeira e carimbo de tampa de garrafa com tinta vermelha sobre papel amarelo. Por tr\u00e1s surge uma geometria, em branco ou preto, criando um di\u00e1logo entre marcas org\u00e2nicas e forma estruturada. <!-- --><\/p>\n<p><strong>Cuidados a ter<\/strong><\/p>\n<p>Lavar \u00e0 m\u00e1quina a frio (m\u00e1x. 30 \u00b0C), do avesso com cores semelhantes e secar na m\u00e1quina a baixa temperatura. N\u00e3o usar lix\u00edvia nem limpeza a seco. Engomar do avesso, evitando as \u00e1reas impressas.<\/p>\n<p><strong>Conformidade GPSR<\/strong><\/p>\n<p>Este produto est\u00e1 em conformidade com o Regulamento Geral de Seguran\u00e7a dos Produtos (GPSR), garantindo seguran\u00e7a, transpar\u00eancia, rastreabilidade e produ\u00e7\u00e3o respons\u00e1vel. As certifica\u00e7\u00f5es deste produto asseguram a aus\u00eancia de pesticidas, inseticidas ou OGM, a rastreabilidade total dos materiais reciclados e condi\u00e7\u00f5es de trabalho justas. Para informa\u00e7\u00f5es atualizadas, visita o link no nosso <a href=\"https:\/\/vestyashop.com\/products\/certifications\/gpsr\/\">artigo sobre o GPSR<\/a> e consulta o separador \u201cInforma\u00e7\u00e3o Adicional\u201d para mais detalhes deste produto e suas certifica\u00e7\u00f5es.<\/p>\n<p><strong>Guia de Tamanhos<\/strong><\/p>\n<table>\n<thead>\n<tr>\n<th>Dimens\u00f5es em cm<\/th>\n<th>XS<\/th>\n<th>S<\/th>\n<th>M<\/th>\n<th>L<\/th>\n<th>XL<\/th>\n<th>2XL<\/th>\n<th>3XL<\/th>\n<\/tr>\n<\/thead>\n<tbody>\n<tr>\n<td style=\"text-align: center;\">Largura<\/td>\n<td style=\"text-align: center;\">49<\/td>\n<td style=\"text-align: center;\">52<\/td>\n<td style=\"text-align: center;\">55<\/td>\n<td style=\"text-align: center;\">58<\/td>\n<td style=\"text-align: center;\">61<\/td>\n<td style=\"text-align: center;\">64<\/td>\n<td style=\"text-align: center;\">67<\/td>\n<\/tr>\n<tr>\n<td style=\"text-align: center;\">Altura<\/td>\n<td style=\"text-align: center;\">68<\/td>\n<td style=\"text-align: center;\">70<\/td>\n<td style=\"text-align: center;\">72<\/td>\n<td style=\"text-align: center;\">74<\/td>\n<td style=\"text-align: center;\">76<\/td>\n<td style=\"text-align: center;\">78<\/td>\n<td style=\"text-align: center;\">80<\/td>\n<\/tr>\n<\/tbody>\n<\/table>\n<p>&nbsp;<\/p>\n<p>&nbsp;<\/p>","protected":false},"excerpt":{"rendered":"<p>Hoodie unissexo com fecho,  concebido para uso di\u00e1rio, aliando conforto, durabilidade e materiais sustent\u00e1veis. Apresenta cord\u00e3o redondo com ponteiras e ilh\u00f3s de metal reciclado, e dois pr\u00e1ticos bolsos laterias. Produzida a partir de uma mistura premium de fibras org\u00e2nicas e recicladas.<\/p>","protected":false},"featured_media":29675,"comment_status":"open","ping_status":"closed","template":"","meta":{"site-sidebar-layout":"default","site-content-layout":"","ast-site-content-layout":"default","site-content-style":"default","site-sidebar-style":"default","ast-global-header-display":"","ast-banner-title-visibility":"","ast-main-header-display":"","ast-hfb-above-header-display":"","ast-hfb-below-header-display":"","ast-hfb-mobile-header-display":"","site-post-title":"","ast-breadcrumbs-content":"","ast-featured-img":"","footer-sml-layout":"","ast-disable-related-posts":"","theme-transparent-header-meta":"default","adv-header-id-meta":"","stick-header-meta":"default","header-above-stick-meta":"","header-main-stick-meta":"","header-below-stick-meta":"","astra-migrate-meta-layouts":"set","ast-page-background-enabled":"default","ast-page-background-meta":{"desktop":{"background-color":"var(--ast-global-color-5)","background-image":"","background-repeat":"repeat","background-position":"center center","background-size":"auto","background-attachment":"scroll","background-type":"","background-media":"","overlay-type":"","overlay-color":"","overlay-opacity":"","overlay-gradient":""},"tablet":{"background-color":"","background-image":"","background-repeat":"repeat","background-position":"center center","background-size":"auto","background-attachment":"scroll","background-type":"","background-media":"","overlay-type":"","overlay-color":"","overlay-opacity":"","overlay-gradient":""},"mobile":{"background-color":"","background-image":"","background-repeat":"repeat","background-position":"center center","background-size":"auto","background-attachment":"scroll","background-type":"","background-media":"","overlay-type":"","overlay-color":"","overlay-opacity":"","overlay-gradient":""}},"ast-content-background-meta":{"desktop":{"background-color":"var(--ast-global-color-4)","background-image":"","background-repeat":"repeat","background-position":"center center","background-size":"auto","background-attachment":"scroll","background-type":"","background-media":"","overlay-type":"","overlay-color":"","overlay-opacity":"","overlay-gradient":""},"tablet":{"background-color":"var(--ast-global-color-4)","background-image":"","background-repeat":"repeat","background-position":"center center","background-size":"auto","background-attachment":"scroll","background-type":"","background-media":"","overlay-type":"","overlay-color":"","overlay-opacity":"","overlay-gradient":""},"mobile":{"background-color":"var(--ast-global-color-4)","background-image":"","background-repeat":"repeat","background-position":"center center","background-size":"auto","background-attachment":"scroll","background-type":"","background-media":"","overlay-type":"","overlay-color":"","overlay-opacity":"","overlay-gradient":""}}},"product_brand":[221,573],"product_cat":[19,15],"product_tag":[387,383,549,167],"class_list":{"0":"post-29681","1":"product","2":"type-product","3":"status-publish","4":"has-post-thumbnail","6":"product_brand-dsway","7":"product_brand-native-spirit","8":"product_cat-hoodies","9":"product_cat-uncategorised","10":"product_tag-dsway","11":"product_tag-green-planet","12":"product_tag-organic-cotton-and-recycled-polyester-zipped-hoodie","13":"product_tag-tpop","14":"product_shipping_class-80","15":"pa_certifications-eve-vegan","16":"pa_certifications-gots","17":"pa_certifications-oeko-tex-standard-100","18":"pa_colour-black","19":"pa_colour-ivory","20":"pa_colour-navy-blue","21":"pa_materials-15-post-consumer-recycled-polyester","22":"pa_materials-85-organic-combed-ringspun-cotton","23":"pa_size-2xl","24":"pa_size-3xl","25":"pa_size-l","26":"pa_size-m","27":"pa_size-s","28":"pa_size-xl","29":"pa_size-xs","30":"desktop-align-center","31":"tablet-align-center","32":"mobile-align-center","33":"ast-product-gallery-layout-horizontal-slider","34":"ast-product-single-variable","35":"ast-product-tabs-layout-vertical","37":"first","38":"instock","39":"taxable","40":"shipping-taxable","41":"purchasable","42":"product-type-variable","43":"has-default-attributes"},"_links":{"self":[{"href":"https:\/\/vestyashop.com\/pt\/wp-json\/wp\/v2\/product\/29681","targetHints":{"allow":["GET"]}}],"collection":[{"href":"https:\/\/vestyashop.com\/pt\/wp-json\/wp\/v2\/product"}],"about":[{"href":"https:\/\/vestyashop.com\/pt\/wp-json\/wp\/v2\/types\/product"}],"replies":[{"embeddable":true,"href":"https:\/\/vestyashop.com\/pt\/wp-json\/wp\/v2\/comments?post=29681"}],"wp:featuredmedia":[{"embeddable":true,"href":"https:\/\/vestyashop.com\/pt\/wp-json\/wp\/v2\/media\/29675"}],"wp:attachment":[{"href":"https:\/\/vestyashop.com\/pt\/wp-json\/wp\/v2\/media?parent=29681"}],"wp:term":[{"taxonomy":"product_brand","embeddable":true,"href":"https:\/\/vestyashop.com\/pt\/wp-json\/wp\/v2\/product_brand?post=29681"},{"taxonomy":"product_cat","embeddable":true,"href":"https:\/\/vestyashop.com\/pt\/wp-json\/wp\/v2\/product_cat?post=29681"},{"taxonomy":"product_tag","embeddable":true,"href":"https:\/\/vestyashop.com\/pt\/wp-json\/wp\/v2\/product_tag?post=29681"}],"curies":[{"name":"wp","href":"https:\/\/api.w.org\/{rel}","templated":true}]}}