{"id":3,"date":"2023-02-01T18:33:06","date_gmt":"2023-02-01T18:33:06","guid":{"rendered":"https:\/\/vestyashop.com\/?page_id=3"},"modified":"2025-05-11T15:04:07","modified_gmt":"2025-05-11T15:04:07","slug":"privacy-policy","status":"publish","type":"page","link":"https:\/\/vestyashop.com\/pt\/privacy-policy\/","title":{"rendered":"Pol\u00edtica de Privacidade"},"content":{"rendered":"<div class=\"wp-block-group is-layout-constrained wp-block-group-is-layout-constrained\">\n<div class=\"wp-block-columns is-layout-flex wp-container-core-columns-is-layout-28f84493 wp-block-columns-is-layout-flex\">\n<div class=\"wp-block-column is-layout-flow wp-block-column-is-layout-flow\"><\/div>\n\n\n\n<div class=\"wp-block-column is-layout-flow wp-block-column-is-layout-flow\">\n<div class=\"wp-block-group is-layout-constrained wp-block-group-is-layout-constrained\">\n<figure class=\"wp-block-table\"><table class=\"has-fixed-layout\" style=\"border-style:none;border-width:0px\"><tbody><tr><td><strong>\ud83d\udd12 Quem somos<\/strong><br>Somos a Vestya Shop e o nosso endere\u00e7o web \u00e9: https:\/\/vestyashop.com<a href=\"https:\/\/vestyashop.com\"> https:\/\/vestyashop.com<\/a><\/td><\/tr><tr><td><strong>\ud83d\udcac Coment\u00e1rios<\/strong><br>Quando os visitantes deixam coment\u00e1rios no site, recolhemos os dados mostrados no formul\u00e1rio de coment\u00e1rios, bem como o endere\u00e7o IP do visitante e a string do agente do navegador para ajudar na dete\u00e7\u00e3o de spam. Uma string anonimizada criada a partir do seu endere\u00e7o de email (tamb\u00e9m chamada de hash) pode ser fornecida ao servi\u00e7o Gravatar para verificar se o est\u00e1 a usar. A pol\u00edtica de privacidade do Gravatar est\u00e1 dispon\u00edvel em:<a href=\"https:\/\/automattic.com\/privacy\/\"> https:\/\/automattic.com\/privacy\/<\/a>. Ap\u00f3s a aprova\u00e7\u00e3o do seu coment\u00e1rio, a sua foto de perfil ficar\u00e1 vis\u00edvel publicamente no contexto do coment\u00e1rio.<\/td><\/tr><tr><td><strong>\ud83d\uddbc\ufe0f Imagens<\/strong><br>Se carregar imagens no site, deve evitar incluir dados de localiza\u00e7\u00e3o incorporados (EXIF GPS). Os visitantes podem descarregar e extrair esses dados das imagens.<\/td><\/tr><tr><td><strong>\ud83c\udf6a Cookies<\/strong><br>Se deixar um coment\u00e1rio no nosso site, pode optar por guardar o seu nome, email e site em cookies. Estes s\u00e3o para sua conveni\u00eancia, para que n\u00e3o tenha de preencher os dados novamente. Estes cookies duram um ano. Se visitar a nossa p\u00e1gina de login, ser\u00e1 definido um cookie tempor\u00e1rio para verificar se o seu navegador aceita cookies. Este cookie n\u00e3o cont\u00e9m dados pessoais e ser\u00e1 apagado ao fechar o navegador. Quando inicia sess\u00e3o, s\u00e3o definidos v\u00e1rios cookies para guardar informa\u00e7\u00f5es de login e prefer\u00eancias de visualiza\u00e7\u00e3o. Cookies de login duram dois dias, cookies de prefer\u00eancias um ano. Se selecionar \"Lembrar-me\", o login permanece por duas semanas. Ao sair da conta, os cookies de login s\u00e3o removidos.<\/td><\/tr><tr><td><strong>\ud83c\udf10 Conte\u00fado incorporado de outros sites<\/strong><br>Os artigos neste site podem incluir conte\u00fado incorporado (por exemplo: v\u00eddeos, imagens, artigos, etc.). Este conte\u00fado comporta-se da mesma forma como se estivesse a visitar o site de origem. Esses sites podem recolher dados sobre si, usar cookies, incorporar rastreamento de terceiros e monitorizar as suas intera\u00e7\u00f5es com esse conte\u00fado.<\/td><\/tr><tr><td><strong>\ud83e\udd1d Com quem partilhamos os seus dados<\/strong><br>Se solicitar a reposi\u00e7\u00e3o da palavra-passe, o seu endere\u00e7o IP ser\u00e1 inclu\u00eddo no email de reposi\u00e7\u00e3o<\/td><\/tr><tr><td><strong>\ud83d\udd52 Durante quanto tempo retemos os seus dados<\/strong><br>Se deixar um coment\u00e1rio, este e os seus metadados s\u00e3o guardados indefinidamente. Para utilizadores que se registam no nosso site, armazenamos as informa\u00e7\u00f5es pessoais fornecidas. Todos os utilizadores podem ver, editar ou apagar os seus dados pessoais a qualquer momento (exceto o nome de utilizador). Os administradores do site tamb\u00e9m podem aceder e editar essas informa\u00e7\u00f5es.<\/td><\/tr><tr><td><strong>\ud83d\uded2 Loja \u2013 O que recolhemos e armazenamos<\/strong><br>Recolhemos informa\u00e7\u00f5es como: produtos visualizados, IP, localiza\u00e7\u00e3o, morada de envio, nome, email, n\u00famero de telefone, dados de fatura\u00e7\u00e3o, envio e pagamento. Utilizamos cookies para gerir o conte\u00fado do carrinho. Esta informa\u00e7\u00e3o \u00e9 usada para processar encomendas, responder a pedidos, cumprir obriga\u00e7\u00f5es legais e enviar mensagens promocionais, se autorizado.<\/td><\/tr><tr><td><strong>\ud83d\udcb3 Pagamentos<\/strong><br>Usamos o WooCommerce Payments. Aceitamos cart\u00f5es de cr\u00e9dito\/d\u00e9bito, iDEAL (Pa\u00edses Baixos) e Multibanco (Portugal).<\/td><\/tr><tr><td><strong>\ud83d\udd01 O que partilhamos com terceiros<\/strong><br>Partilhamos informa\u00e7\u00e3o com terceiros que nos ajudam a processar encomendas e gerir a loja, como a TPOP (impress\u00e3o sob encomenda). O nosso site utiliza WordPress, Jetpack e WooCommerce.<\/td><\/tr><tr><td><strong>\ud83d\udcca Estat\u00edsticas<\/strong><br>Usamos o Google Analytics para compreender melhor o tr\u00e1fego no site e melhorar a experi\u00eancia do utilizador.<\/td><\/tr><tr><td><strong>\ud83d\udd10 Que direitos tem sobre os seus dados<\/strong><br>Se tem uma conta ou deixou coment\u00e1rios, pode pedir um ficheiro com os seus dados pessoais ou solicitar a sua elimina\u00e7\u00e3o. Isto exclui dados que somos legalmente obrigados a manter.<\/td><\/tr><tr><td><strong>\ud83c\udf0d Para onde s\u00e3o enviados os seus dados<\/strong><br>Os coment\u00e1rios dos visitantes podem ser verificados por um servi\u00e7o autom\u00e1tico de dete\u00e7\u00e3o de spam.<\/td><\/tr><\/tbody><\/table><\/figure>\n<\/div>\n<\/div>\n\n\n\n<div class=\"wp-block-column is-layout-flow wp-block-column-is-layout-flow\"><\/div>\n<\/div>\n<\/div>","protected":false},"excerpt":{"rendered":"<p>\ud83d\udd12 Who we areWe are Vestya Shop and our website address is: https:\/\/vestyashop.com \ud83d\udcac CommentsWhen visitors leave comments on the site we collect the data shown in the comments form, [&hellip;]<\/p>\n","protected":false},"author":1,"featured_media":0,"parent":0,"menu_order":0,"comment_status":"closed","ping_status":"closed","template":"","meta":{"site-sidebar-layout":"default","site-content-layout":"","ast-site-content-layout":"default","site-content-style":"default","site-sidebar-style":"default","ast-global-header-display":"","ast-banner-title-visibility":"","ast-main-header-display":"","ast-hfb-above-header-display":"","ast-hfb-below-header-display":"","ast-hfb-mobile-header-display":"","site-post-title":"","ast-breadcrumbs-content":"","ast-featured-img":"","footer-sml-layout":"","ast-disable-related-posts":"","theme-transparent-header-meta":"","adv-header-id-meta":"","stick-header-meta":"","header-above-stick-meta":"","header-main-stick-meta":"","header-below-stick-meta":"","astra-migrate-meta-layouts":"default","ast-page-background-enabled":"default","ast-page-background-meta":{"desktop":{"background-color":"var(--ast-global-color-5)","background-image":"","background-repeat":"repeat","background-position":"center center","background-size":"auto","background-attachment":"scroll","background-type":"","background-media":"","overlay-type":"","overlay-color":"","overlay-opacity":"","overlay-gradient":""},"tablet":{"background-color":"","background-image":"","background-repeat":"repeat","background-position":"center center","background-size":"auto","background-attachment":"scroll","background-type":"","background-media":"","overlay-type":"","overlay-color":"","overlay-opacity":"","overlay-gradient":""},"mobile":{"background-color":"","background-image":"","background-repeat":"repeat","background-position":"center center","background-size":"auto","background-attachment":"scroll","background-type":"","background-media":"","overlay-type":"","overlay-color":"","overlay-opacity":"","overlay-gradient":""}},"ast-content-background-meta":{"desktop":{"background-color":"var(--ast-global-color-4)","background-image":"","background-repeat":"repeat","background-position":"center center","background-size":"auto","background-attachment":"scroll","background-type":"","background-media":"","overlay-type":"","overlay-color":"","overlay-opacity":"","overlay-gradient":""},"tablet":{"background-color":"var(--ast-global-color-4)","background-image":"","background-repeat":"repeat","background-position":"center center","background-size":"auto","background-attachment":"scroll","background-type":"","background-media":"","overlay-type":"","overlay-color":"","overlay-opacity":"","overlay-gradient":""},"mobile":{"background-color":"var(--ast-global-color-4)","background-image":"","background-repeat":"repeat","background-position":"center center","background-size":"auto","background-attachment":"scroll","background-type":"","background-media":"","overlay-type":"","overlay-color":"","overlay-opacity":"","overlay-gradient":""}},"footnotes":""},"class_list":["post-3","page","type-page","status-publish","hentry"],"_links":{"self":[{"href":"https:\/\/vestyashop.com\/pt\/wp-json\/wp\/v2\/pages\/3","targetHints":{"allow":["GET"]}}],"collection":[{"href":"https:\/\/vestyashop.com\/pt\/wp-json\/wp\/v2\/pages"}],"about":[{"href":"https:\/\/vestyashop.com\/pt\/wp-json\/wp\/v2\/types\/page"}],"author":[{"embeddable":true,"href":"https:\/\/vestyashop.com\/pt\/wp-json\/wp\/v2\/users\/1"}],"replies":[{"embeddable":true,"href":"https:\/\/vestyashop.com\/pt\/wp-json\/wp\/v2\/comments?post=3"}],"version-history":[{"count":8,"href":"https:\/\/vestyashop.com\/pt\/wp-json\/wp\/v2\/pages\/3\/revisions"}],"predecessor-version":[{"id":22580,"href":"https:\/\/vestyashop.com\/pt\/wp-json\/wp\/v2\/pages\/3\/revisions\/22580"}],"wp:attachment":[{"href":"https:\/\/vestyashop.com\/pt\/wp-json\/wp\/v2\/media?parent=3"}],"curies":[{"name":"wp","href":"https:\/\/api.w.org\/{rel}","templated":true}]}}