{"id":22463,"date":"2025-05-09T14:54:38","date_gmt":"2025-05-09T14:54:38","guid":{"rendered":"https:\/\/vestyashop.com\/?page_id=22463"},"modified":"2025-05-09T14:54:38","modified_gmt":"2025-05-09T14:54:38","slug":"delivery-and-shipping","status":"publish","type":"page","link":"https:\/\/vestyashop.com\/pt\/delivery-and-shipping\/","title":{"rendered":"Envio e Entrega"},"content":{"rendered":"<div class=\"wp-block-group is-layout-constrained wp-block-group-is-layout-constrained\">\n<div class=\"wp-block-columns is-layout-flex wp-container-core-columns-is-layout-28f84493 wp-block-columns-is-layout-flex\">\n<div class=\"wp-block-column is-layout-flow wp-block-column-is-layout-flow\"><\/div>\n\n\n\n<div class=\"wp-block-column is-layout-flow wp-block-column-is-layout-flow\">\n<p>Na Vestya Shop, trabalhamos com a TPOP, parceiro ecol\u00f3gico de impress\u00e3o por encomenda, respons\u00e1vel por dar vida \u00e0s suas encomendas de forma sustent\u00e1vel. Aqui est\u00e1 tudo o que precisa de saber sobre o nosso processo de entrega:<\/p>\n\n\n\n<p><strong>\ud83c\udf0d Enviamos para<\/strong><\/p>\n\n\n\n<p>Pa\u00edses da Uni\u00e3o Europeia e Reino Unido. Se estiver fora destas zonas, fique atento \u2014 esperamos expandir no futuro!<\/p>\n\n\n\n<p><strong>\ud83d\ude9a Tempo de Processamento &amp; Produ\u00e7\u00e3o<\/strong><br>Todos os artigos s\u00e3o produzidos por encomenda, reduzindo o desperd\u00edcio e o impacto ambiental. Tempo de produ\u00e7\u00e3o: 2\u20137 dias \u00fateis (varia consoante o produto e a \u00e9poca do ano).<\/p>\n\n\n\n<p><strong>\ud83d\udce6 Prazos Estimados de Entrega<\/strong> (ap\u00f3s produ\u00e7\u00e3o)<br>Tempo de entrega por destino (dias \u00fateis):<br>Fran\u00e7a 2\u20133 dias, Uni\u00e3o Europeia (outros pa\u00edses) e Reino Unido 3\u20137 dias. <\/p>\n\n\n\n<p>Nota: os prazos podem variar consoante o transportador, localiza\u00e7\u00e3o e \u00e9poca do ano.<\/p>\n\n\n\n<p>\ud83c\udf31 <strong>\ud83c\udf31 Embalagens Ecol\u00f3gicas<\/strong><br>Usamos embalagens sem pl\u00e1stico, recicladas ou recicl\u00e1veis sempre que poss\u00edvel.<\/p>\n\n\n\n<p><strong>\ud83d\udcac Acompanhamento da Encomenda<\/strong><br>Assim que a sua encomenda for enviada, receber\u00e1 um n\u00famero de seguimento por email. Verifique a pasta de spam se n\u00e3o o encontrar!<\/p>\n\n\n\n<p><strong>\u26a0\ufe0f Alf\u00e2ndega e Impostos (encomendas para o Reino Unido)<\/strong><br>Para clientes no Reino Unido, devido \u00e0s regras do Brexit, podem ser aplicadas taxas alfandeg\u00e1rias e IVA no momento da entrega. Estes custos s\u00e3o da responsabilidade do comprador.<\/p>\n\n\n\n<p><strong>\ud83d\udce9 Quest\u00f5es?<\/strong><br>Se tiver alguma d\u00favida ou quest\u00e3o sobre a sua encomenda, n\u00e3o hesite em <a href=\"https:\/\/vestyashop.com\/about\/contact\/\" data-type=\"page\" data-id=\"1640\">contactar-nos<\/a>. Estamos aqui para ajudar!<\/p>\n<\/div>\n\n\n\n<div class=\"wp-block-column is-layout-flow wp-block-column-is-layout-flow\"><\/div>\n<\/div>\n<\/div>\n\n\n\n<p><\/p>","protected":false},"excerpt":{"rendered":"<p>At Vestya Shop, we work with TPOP, an eco-conscious print-on-demand partner, to bring your orders to life sustainably. Here\u2019s everything you need to know about our delivery process: \ud83c\udf0d Shipping [&hellip;]<\/p>\n","protected":false},"author":1,"featured_media":0,"parent":0,"menu_order":0,"comment_status":"closed","ping_status":"closed","template":"","meta":{"site-sidebar-layout":"default","site-content-layout":"","ast-site-content-layout":"default","site-content-style":"default","site-sidebar-style":"default","ast-global-header-display":"","ast-banner-title-visibility":"","ast-main-header-display":"","ast-hfb-above-header-display":"","ast-hfb-below-header-display":"","ast-hfb-mobile-header-display":"","site-post-title":"","ast-breadcrumbs-content":"","ast-featured-img":"","footer-sml-layout":"","ast-disable-related-posts":"","theme-transparent-header-meta":"","adv-header-id-meta":"","stick-header-meta":"","header-above-stick-meta":"","header-main-stick-meta":"","header-below-stick-meta":"","astra-migrate-meta-layouts":"default","ast-page-background-enabled":"default","ast-page-background-meta":{"desktop":{"background-color":"var(--ast-global-color-5)","background-image":"","background-repeat":"repeat","background-position":"center center","background-size":"auto","background-attachment":"scroll","background-type":"","background-media":"","overlay-type":"","overlay-color":"","overlay-opacity":"","overlay-gradient":""},"tablet":{"background-color":"","background-image":"","background-repeat":"repeat","background-position":"center center","background-size":"auto","background-attachment":"scroll","background-type":"","background-media":"","overlay-type":"","overlay-color":"","overlay-opacity":"","overlay-gradient":""},"mobile":{"background-color":"","background-image":"","background-repeat":"repeat","background-position":"center center","background-size":"auto","background-attachment":"scroll","background-type":"","background-media":"","overlay-type":"","overlay-color":"","overlay-opacity":"","overlay-gradient":""}},"ast-content-background-meta":{"desktop":{"background-color":"var(--ast-global-color-4)","background-image":"","background-repeat":"repeat","background-position":"center center","background-size":"auto","background-attachment":"scroll","background-type":"","background-media":"","overlay-type":"","overlay-color":"","overlay-opacity":"","overlay-gradient":""},"tablet":{"background-color":"var(--ast-global-color-4)","background-image":"","background-repeat":"repeat","background-position":"center center","background-size":"auto","background-attachment":"scroll","background-type":"","background-media":"","overlay-type":"","overlay-color":"","overlay-opacity":"","overlay-gradient":""},"mobile":{"background-color":"var(--ast-global-color-4)","background-image":"","background-repeat":"repeat","background-position":"center center","background-size":"auto","background-attachment":"scroll","background-type":"","background-media":"","overlay-type":"","overlay-color":"","overlay-opacity":"","overlay-gradient":""}},"footnotes":""},"class_list":["post-22463","page","type-page","status-publish","hentry"],"_links":{"self":[{"href":"https:\/\/vestyashop.com\/pt\/wp-json\/wp\/v2\/pages\/22463","targetHints":{"allow":["GET"]}}],"collection":[{"href":"https:\/\/vestyashop.com\/pt\/wp-json\/wp\/v2\/pages"}],"about":[{"href":"https:\/\/vestyashop.com\/pt\/wp-json\/wp\/v2\/types\/page"}],"author":[{"embeddable":true,"href":"https:\/\/vestyashop.com\/pt\/wp-json\/wp\/v2\/users\/1"}],"replies":[{"embeddable":true,"href":"https:\/\/vestyashop.com\/pt\/wp-json\/wp\/v2\/comments?post=22463"}],"version-history":[{"count":1,"href":"https:\/\/vestyashop.com\/pt\/wp-json\/wp\/v2\/pages\/22463\/revisions"}],"predecessor-version":[{"id":22464,"href":"https:\/\/vestyashop.com\/pt\/wp-json\/wp\/v2\/pages\/22463\/revisions\/22464"}],"wp:attachment":[{"href":"https:\/\/vestyashop.com\/pt\/wp-json\/wp\/v2\/media?parent=22463"}],"curies":[{"name":"wp","href":"https:\/\/api.w.org\/{rel}","templated":true}]}}