{"id":1642,"date":"2023-02-12T18:19:18","date_gmt":"2023-02-12T18:19:18","guid":{"rendered":"https:\/\/vestyashop.com\/about\/"},"modified":"2026-04-18T17:09:41","modified_gmt":"2026-04-18T17:09:41","slug":"about","status":"publish","type":"page","link":"https:\/\/vestyashop.com\/pt\/about\/","title":{"rendered":"Sobre N\u00f3s"},"content":{"rendered":"<div class=\"wp-block-group has-ast-global-color-8-background-color has-background is-layout-constrained wp-block-group-is-layout-constrained\">\n<figure class=\"wp-block-pullquote alignfull has-ast-global-color-7-color has-ast-global-color-8-background-color has-text-color has-background has-link-color wp-elements-0ae936ce13fbbe4328e82ca94c068a9c\"><blockquote><p>Vestya Shop \u00e9 um projeto sustent\u00e1vel que explora alternativas \u00e0 fast fashion.<br>O nosso objetivo \u00e9 simples: criar roupa e acess\u00f3rios com baixo impacto ambiental, ao mesmo tempo que apoiamos artistas e promovemos m\u00e9todos de produ\u00e7\u00e3o conscientes.<\/p><\/blockquote><\/figure>\n<\/div>\n\n\n\n<div class=\"wp-block-group is-layout-constrained wp-block-group-is-layout-constrained\">\n<div class=\"wp-block-columns is-layout-flex wp-container-core-columns-is-layout-28f84493 wp-block-columns-is-layout-flex\">\n<div class=\"wp-block-column is-layout-flow wp-block-column-is-layout-flow\" style=\"flex-basis:66.66%\">\n<figure class=\"wp-block-image size-full\"><img loading=\"lazy\" decoding=\"async\" width=\"1200\" height=\"800\" src=\"https:\/\/vestyashop.com\/wp-content\/uploads\/Photoshoot-Wild-FM-12.webp\" alt=\"\" class=\"wp-image-32121\" style=\"aspect-ratio:3\/2;object-fit:cover\" srcset=\"https:\/\/vestyashop.com\/wp-content\/uploads\/Photoshoot-Wild-FM-12.webp 1200w, https:\/\/vestyashop.com\/wp-content\/uploads\/Photoshoot-Wild-FM-12-800x533.webp 800w, https:\/\/vestyashop.com\/wp-content\/uploads\/Photoshoot-Wild-FM-12-300x200.webp 300w, https:\/\/vestyashop.com\/wp-content\/uploads\/Photoshoot-Wild-FM-12-768x512.webp 768w, https:\/\/vestyashop.com\/wp-content\/uploads\/Photoshoot-Wild-FM-12-18x12.webp 18w, https:\/\/vestyashop.com\/wp-content\/uploads\/Photoshoot-Wild-FM-12-550x367.webp 550w, https:\/\/vestyashop.com\/wp-content\/uploads\/Photoshoot-Wild-FM-12-820x547.webp 820w\" sizes=\"auto, (max-width: 1200px) 100vw, 1200px\" \/><\/figure>\n<\/div>\n\n\n\n<div class=\"wp-block-column is-layout-flow wp-block-column-is-layout-flow\" style=\"flex-basis:33.33%\">\n<h2 class=\"wp-block-heading has-text-align-left\">O nosso modelo<\/h2>\n\n\n\n<p>Trabalhamos com um modelo de produ\u00e7\u00e3o por encomenda ( <a href=\"https:\/\/vestyashop.com\/news\/what-is-print-on-demand-and-why-do-we-use-it\/\" data-type=\"post\" data-id=\"2399\">print\u2011on\u2011demand<\/a> ). Cada pe\u00e7a \u00e9 produzida apenas ap\u00f3s a realiza\u00e7\u00e3o de uma encomenda \u2014 sem stock excedente, sem produ\u00e7\u00e3o desnecess\u00e1ria.<\/p>\n\n\n\n<p><strong>Este modelo permite-nos:<\/strong><\/p>\n\n\n\n<ul class=\"wp-block-list\">\n<li>Reduzir o desperd\u00edcio e a sobreprodu\u00e7\u00e3o<\/li>\n\n\n\n<li>Manter pre\u00e7os acess\u00edveis sem comprometer a qualidade<\/li>\n\n\n\n<li>Oferecer uma ampla variedade de designs, tamanhos e op\u00e7\u00f5es de cor<\/li>\n<\/ul>\n\n\n\n<p>Estamos tamb\u00e9m a desenvolver um marketplace, onde pretendemos incluir pe\u00e7as em segunda m\u00e3o, upcycled e trabalhos de artes\u00e3os sustent\u00e1veis. Entra em contacto se queres <a href=\"https:\/\/vestyashop.com\/collaborate\/\" data-type=\"page\" data-id=\"32145\">colaborar<\/a>!<\/p>\n<\/div>\n<\/div>\n<\/div>\n\n\n\n<div class=\"wp-block-group is-layout-constrained wp-block-group-is-layout-constrained\">\n<div class=\"wp-block-columns is-layout-flex wp-container-core-columns-is-layout-28f84493 wp-block-columns-is-layout-flex\">\n<div class=\"wp-block-column is-layout-flow wp-block-column-is-layout-flow\" style=\"flex-basis:66.66%\">\n<figure class=\"wp-block-image size-large\"><img loading=\"lazy\" decoding=\"async\" width=\"1200\" height=\"800\" src=\"https:\/\/vestyashop.com\/wp-content\/uploads\/StudioShoot-Tshirt-Herbarium-1200x800.webp\" alt=\"\" class=\"wp-image-32042\" style=\"aspect-ratio:3\/2;object-fit:cover\" srcset=\"https:\/\/vestyashop.com\/wp-content\/uploads\/StudioShoot-Tshirt-Herbarium-1200x800.webp 1200w, https:\/\/vestyashop.com\/wp-content\/uploads\/StudioShoot-Tshirt-Herbarium-800x533.webp 800w, https:\/\/vestyashop.com\/wp-content\/uploads\/StudioShoot-Tshirt-Herbarium-300x200.webp 300w, https:\/\/vestyashop.com\/wp-content\/uploads\/StudioShoot-Tshirt-Herbarium-768x512.webp 768w, https:\/\/vestyashop.com\/wp-content\/uploads\/StudioShoot-Tshirt-Herbarium-1536x1024.webp 1536w, https:\/\/vestyashop.com\/wp-content\/uploads\/StudioShoot-Tshirt-Herbarium-18x12.webp 18w, https:\/\/vestyashop.com\/wp-content\/uploads\/StudioShoot-Tshirt-Herbarium-550x367.webp 550w, https:\/\/vestyashop.com\/wp-content\/uploads\/StudioShoot-Tshirt-Herbarium-820x547.webp 820w, https:\/\/vestyashop.com\/wp-content\/uploads\/StudioShoot-Tshirt-Herbarium.webp 2000w\" sizes=\"auto, (max-width: 1200px) 100vw, 1200px\" \/><\/figure>\n<\/div>\n\n\n\n<div class=\"wp-block-column is-layout-flow wp-block-column-is-layout-flow\" style=\"flex-basis:33.33%\">\n<h2 class=\"wp-block-heading has-text-align-left\">Os nossos produtos s\u00e3o<\/h2>\n\n\n\n<ul class=\"wp-block-list\">\n<li>Vegan, com impress\u00e3o em tintas \u00e0 base de \u00e1gua<\/li>\n\n\n\n<li>Produzidos com materiais certificados org\u00e2nicos ou reciclados<\/li>\n\n\n\n<li>Provenientes de parceiros acreditados com processos de tingimento respons\u00e1veis<\/li>\n\n\n\n<li>Sem uso de pesticidas, inseticidas ou OGM<\/li>\n\n\n\n<li>Em conformidade com condi\u00e7\u00f5es de trabalho justas e sal\u00e1rios dignos<\/li>\n<\/ul>\n\n\n\n<p>Cada produto inclui informa\u00e7\u00e3o detalhada no separador <em>Informa\u00e7\u00e3o Adicional<\/em> e nas&nbsp;<a href=\"https:\/\/vestyashop.com\/category\/products\/\">p\u00e1ginas de produto<\/a>no nosso blog, onde explicamos os materiais e as <a href=\"https:\/\/vestyashop.com\/category\/certification\/\">certifica\u00e7\u00f5es<\/a> de forma mais aprofundada.<\/p>\n<\/div>\n<\/div>\n<\/div>\n\n\n\n<div class=\"wp-block-group is-layout-constrained wp-block-group-is-layout-constrained\">\n<div class=\"wp-block-columns is-layout-flex wp-container-core-columns-is-layout-28f84493 wp-block-columns-is-layout-flex\">\n<div class=\"wp-block-column is-layout-flow wp-block-column-is-layout-flow\" style=\"flex-basis:66.66%\">\n<figure class=\"wp-block-image size-full\"><img loading=\"lazy\" decoding=\"async\" width=\"785\" height=\"524\" src=\"https:\/\/vestyashop.com\/wp-content\/uploads\/Trashion-Tribe-Photoshoot-2-edited.webp\" alt=\"\" class=\"wp-image-32126\" style=\"aspect-ratio:3\/2;object-fit:cover\" srcset=\"https:\/\/vestyashop.com\/wp-content\/uploads\/Trashion-Tribe-Photoshoot-2-edited.webp 785w, https:\/\/vestyashop.com\/wp-content\/uploads\/Trashion-Tribe-Photoshoot-2-edited-300x200.webp 300w, https:\/\/vestyashop.com\/wp-content\/uploads\/Trashion-Tribe-Photoshoot-2-edited-768x513.webp 768w, https:\/\/vestyashop.com\/wp-content\/uploads\/Trashion-Tribe-Photoshoot-2-edited-18x12.webp 18w, https:\/\/vestyashop.com\/wp-content\/uploads\/Trashion-Tribe-Photoshoot-2-edited-550x367.webp 550w\" sizes=\"auto, (max-width: 785px) 100vw, 785px\" \/><\/figure>\n<\/div>\n\n\n\n<div class=\"wp-block-column is-layout-flow wp-block-column-is-layout-flow\" style=\"flex-basis:33.33%\">\n<h2 class=\"wp-block-heading has-text-align-left\">A nossa hist\u00f3ria<\/h2>\n\n\n\n<p>A Vestya foi criada por Diana Matoso (<a href=\"https:\/\/vestyashop.com\/artists\/dsway\/\">Ds WAY<\/a>), jardineira, artista e designer, nascida nos anos 80 em Portugal com atitude DIY e uma consci\u00eancia ambiental de longa data, desenvolveu e participou em in\u00fameros projetos de upcycle.<\/p>\n\n\n\n<figure class=\"wp-block-pullquote has-ast-global-color-7-color has-ast-global-color-8-background-color has-text-color has-background has-link-color has-medium-font-size wp-elements-fbe75ef3a0db77425f71cdd29698a534\" style=\"margin-top:0;margin-bottom:0;padding-top:0;padding-bottom:0\"><blockquote><p><em>Desenvolver a Vestya \u00e9 como cuidar de um jardim \u2014 um trabalho de paci\u00eancia, perseveran\u00e7a, cuidado e dedica\u00e7\u00e3o.<\/em><\/p><\/blockquote><\/figure>\n<\/div>\n<\/div>\n<\/div>\n\n\n\n<div class=\"wp-block-group is-layout-constrained wp-block-group-is-layout-constrained\">\n<div class=\"wp-block-columns is-layout-flex wp-container-core-columns-is-layout-28f84493 wp-block-columns-is-layout-flex\">\n<div class=\"wp-block-column is-layout-flow wp-block-column-is-layout-flow\" style=\"flex-basis:66.66%\">\n<figure class=\"wp-block-image size-full\"><img loading=\"lazy\" decoding=\"async\" width=\"1200\" height=\"800\" src=\"https:\/\/vestyashop.com\/wp-content\/uploads\/Photoshoot-Wild-FM-7.webp\" alt=\"\" class=\"wp-image-32120\" style=\"aspect-ratio:3\/2;object-fit:cover\" srcset=\"https:\/\/vestyashop.com\/wp-content\/uploads\/Photoshoot-Wild-FM-7.webp 1200w, https:\/\/vestyashop.com\/wp-content\/uploads\/Photoshoot-Wild-FM-7-800x533.webp 800w, https:\/\/vestyashop.com\/wp-content\/uploads\/Photoshoot-Wild-FM-7-300x200.webp 300w, https:\/\/vestyashop.com\/wp-content\/uploads\/Photoshoot-Wild-FM-7-768x512.webp 768w, https:\/\/vestyashop.com\/wp-content\/uploads\/Photoshoot-Wild-FM-7-18x12.webp 18w, https:\/\/vestyashop.com\/wp-content\/uploads\/Photoshoot-Wild-FM-7-550x367.webp 550w, https:\/\/vestyashop.com\/wp-content\/uploads\/Photoshoot-Wild-FM-7-820x547.webp 820w\" sizes=\"auto, (max-width: 1200px) 100vw, 1200px\" \/><\/figure>\n<\/div>\n\n\n\n<div class=\"wp-block-column is-layout-flow wp-block-column-is-layout-flow\" style=\"flex-basis:33.33%\">\n<h2 class=\"wp-block-heading has-text-align-left\">Os Nossos Valores<\/h2>\n\n\n\n<p><strong>Recursos naturais<\/strong> \u2014 proteger e regenerar, reduzindo o impacto e respeitando os limites ecol\u00f3gicos<\/p>\n\n\n\n<p><strong>Transpar\u00eancia e confian\u00e7a<\/strong> \u2014 informa\u00e7\u00e3o clara sobre materiais, processos, certifica\u00e7\u00f5es e limita\u00e7\u00f5es<\/p>\n\n\n\n<p><strong>Qualidade acima da quantidade<\/strong> \u2014 menos pe\u00e7as, feitas para durar<\/p>\n\n\n\n<p><strong>Economia circular<\/strong> \u2014 valoriza\u00e7\u00e3o justa de todos os intervenientes (trabalhadores da produ\u00e7\u00e3o, artistas e apoio a projetos de refloresta\u00e7\u00e3o)<\/p>\n\n\n\n<p>Trabalhamos com parceiros que partilham estes princ\u00edpios e asseguram transpar\u00eancia nas suas cadeias de produ\u00e7\u00e3o.<\/p>\n<\/div>\n<\/div>\n<\/div>\n\n\n\n<div class=\"wp-block-group is-layout-constrained wp-block-group-is-layout-constrained\">\n<div class=\"wp-block-columns is-layout-flex wp-container-core-columns-is-layout-28f84493 wp-block-columns-is-layout-flex\">\n<div class=\"wp-block-column is-layout-flow wp-block-column-is-layout-flow\" style=\"flex-basis:66.66%\">\n<figure class=\"wp-block-image size-full\"><img loading=\"lazy\" decoding=\"async\" width=\"1200\" height=\"675\" src=\"https:\/\/vestyashop.com\/wp-content\/uploads\/Photoshoot-Studio-Labels-5.webp\" alt=\"\" class=\"wp-image-32122\" style=\"aspect-ratio:3\/2;object-fit:cover\" srcset=\"https:\/\/vestyashop.com\/wp-content\/uploads\/Photoshoot-Studio-Labels-5.webp 1200w, https:\/\/vestyashop.com\/wp-content\/uploads\/Photoshoot-Studio-Labels-5-800x450.webp 800w, https:\/\/vestyashop.com\/wp-content\/uploads\/Photoshoot-Studio-Labels-5-300x169.webp 300w, https:\/\/vestyashop.com\/wp-content\/uploads\/Photoshoot-Studio-Labels-5-768x432.webp 768w, https:\/\/vestyashop.com\/wp-content\/uploads\/Photoshoot-Studio-Labels-5-18x10.webp 18w, https:\/\/vestyashop.com\/wp-content\/uploads\/Photoshoot-Studio-Labels-5-550x309.webp 550w, https:\/\/vestyashop.com\/wp-content\/uploads\/Photoshoot-Studio-Labels-5-820x461.webp 820w\" sizes=\"auto, (max-width: 1200px) 100vw, 1200px\" \/><\/figure>\n<\/div>\n\n\n\n<div class=\"wp-block-column is-layout-flow wp-block-column-is-layout-flow\" style=\"flex-basis:33.33%\">\n<h2 class=\"wp-block-heading has-text-align-left\">Consumo Consciente<\/h2>\n\n\n\n<p>Acreditamos que a sustentabilidade exige clareza e consci\u00eancia. Por isso, no nosso blog partilhamos conte\u00fados detalhados sobre:<\/p>\n\n\n\n<ul class=\"wp-block-list\">\n<li>Materiais e fibras<\/li>\n\n\n\n<li>Certifica\u00e7\u00f5es e normas<\/li>\n\n\n\n<li>Parceiros de produ\u00e7\u00e3o<\/li>\n\n\n\n<li>Impacto ambiental<\/li>\n<\/ul>\n\n\n\n<p class=\"has-text-align-center\">Isto permite-te compreender n\u00e3o apenas o que est\u00e1s a comprar, mas tamb\u00e9m como foi produzido.<\/p>\n\n\n\n<div style=\"height:44px\" aria-hidden=\"true\" class=\"wp-block-spacer\"><\/div>\n\n\n\n<div class=\"wp-block-buttons is-content-justification-center is-layout-flex wp-container-core-buttons-is-layout-a89b3969 wp-block-buttons-is-layout-flex\">\n<div class=\"wp-block-button is-style-fill\"><a class=\"wp-block-button__link has-text-align-center wp-element-button\" href=\"https:\/\/vestyashop.com\/blog\/\">Explora o nosso blog<\/a><\/div>\n<\/div>\n<\/div>\n<\/div>\n<\/div>\n\n\n\n<div class=\"wp-block-group has-ast-global-color-8-background-color has-background is-layout-constrained wp-block-group-is-layout-constrained\">\n<h2 class=\"wp-block-heading has-text-align-center has-ast-global-color-7-color has-text-color has-link-color wp-elements-252c33f04c0464cadfef22ff3eae0c30\">Como funcionamos<\/h2>\n<\/div>\n\n\n\n<div class=\"wp-block-group has-ast-global-color-8-background-color has-background is-layout-constrained wp-block-group-is-layout-constrained\">\n<div class=\"wp-block-columns is-layout-flex wp-container-core-columns-is-layout-28f84493 wp-block-columns-is-layout-flex\">\n<div class=\"wp-block-column has-ast-global-color-7-color has-text-color has-link-color wp-elements-f0eaac9fa8b0d2954a1ac78a7c401fa1 is-layout-flow wp-block-column-is-layout-flow\">\n<h2 class=\"wp-block-heading has-text-align-center has-ast-global-color-7-color has-text-color has-link-color wp-elements-36c81d1405b1d97cf6f3ff91ae3fc9bf\">1<\/h2>\n\n\n\n<p class=\"has-text-align-center\"><strong>Desenhado por artistas:<\/strong>&nbsp;a arte original d\u00e1 origem aos designs dos produtos<\/p>\n<\/div>\n\n\n\n<div class=\"wp-block-column has-ast-global-color-7-color has-text-color has-link-color wp-elements-ba321cc9e1a90952b7f2978e92b75d1f is-layout-flow wp-block-column-is-layout-flow\">\n<h2 class=\"wp-block-heading has-text-align-center has-ast-global-color-7-color has-text-color has-link-color wp-elements-b3c06e4b55c9585910ac33aaa230cd49\">2<\/h2>\n\n\n\n<p class=\"has-text-align-center\"><strong>Publicado online:<\/strong>&nbsp;os artigos s\u00e3o apresentados na loja como mockups<\/p>\n<\/div>\n\n\n\n<div class=\"wp-block-column has-ast-global-color-7-color has-text-color has-link-color wp-elements-dd99732829f28cd15e0b339e0dd476f2 is-layout-flow wp-block-column-is-layout-flow\">\n<h2 class=\"wp-block-heading has-text-align-center has-ast-global-color-7-color has-text-color has-link-color wp-elements-0e14dfd31802e20d7ee9902d673dbef0\">3<\/h2>\n\n\n\n<p class=\"has-text-align-center\"><strong>Feito por encomenda:<\/strong>&nbsp;a produ\u00e7\u00e3o come\u00e7a apenas ap\u00f3s a compra<\/p>\n<\/div>\n\n\n\n<div class=\"wp-block-column has-ast-global-color-7-color has-text-color has-link-color wp-elements-018131adbdb8c122bf144c17a4d67c19 is-layout-flow wp-block-column-is-layout-flow\">\n<h2 class=\"wp-block-heading has-text-align-center has-ast-global-color-7-color has-text-color has-link-color wp-elements-aefc59a71e115705e2b3dcc03199ab22\">4<\/h2>\n\n\n\n<p class=\"has-text-align-center\"><strong>Envio direto:<\/strong> os produtos s\u00e3o enviados diretamente do nosso parceiro de produ\u00e7\u00e3o para ti<\/p>\n<\/div>\n\n\n\n<div class=\"wp-block-column has-ast-global-color-7-color has-text-color has-link-color wp-elements-1bae3f46c20cbe0b175a9d09036b786c is-layout-flow wp-block-column-is-layout-flow\">\n<h2 class=\"wp-block-heading has-text-align-center has-ast-global-color-7-color has-text-color has-link-color wp-elements-ba47d2a73e11b26b905ba2f55e237e78\">5<\/h2>\n\n\n\n<p class=\"has-text-align-center\"><strong>Valor partilhado:<\/strong> as receitas contribuem para a sustentabilidade da loja, apoiam os artistas e iniciativas ambientais<\/p>\n<\/div>\n<\/div>\n<\/div>\n\n\n\n<div style=\"height:54px\" aria-hidden=\"true\" class=\"wp-block-spacer\"><\/div>\n\n\n\n<h2 class=\"wp-block-heading has-text-align-center has-large-font-size\">Os nossos parceiros<\/h2>\n\n\n\n<div class=\"wp-block-group is-layout-constrained wp-block-group-is-layout-constrained\">\n<div class=\"wp-block-columns is-layout-flex wp-container-core-columns-is-layout-28f84493 wp-block-columns-is-layout-flex\">\n<div class=\"wp-block-column is-layout-flow wp-block-column-is-layout-flow\">\n<h3 class=\"wp-block-heading has-text-align-center\" id=\"values\">Artistas<\/h3>\n\n\n\n<p>Colaboramos com <a href=\"https:\/\/vestyashop.com\/category\/artists\/\" data-type=\"category\" data-id=\"288\">artistas<\/a> e estamos abertos a novos contributos. Se \u00e9s ilustrador, designer ou criador, podes submeter o teu trabalho para integrar a Vestya atrav\u00e9s do formul\u00e1rio&nbsp;<a href=\"https:\/\/vestyashop.com\/collaborate\/\" data-type=\"page\" data-id=\"32145\">aqui<\/a>.<\/p>\n<\/div>\n\n\n\n<div class=\"wp-block-column is-layout-flow wp-block-column-is-layout-flow\">\n<h3 class=\"wp-block-heading has-text-align-center\">Contribui\u00e7\u00e3o ambiental<\/h3>\n\n\n\n<p>Doamos <strong>15% do lucro<\/strong> to support <a href=\"https:\/\/vestyashop.com\/partners\/movimento-gaio\/\" data-type=\"post\" data-id=\"4211\">Movimento Gaio<\/a>de cada venda ao Movimento Gaio, um projeto portugu\u00eas de refloresta\u00e7\u00e3o que trabalha na recupera\u00e7\u00e3o de ecossistemas nativos na Serra da Freita.<\/p>\n<\/div>\n\n\n\n<div class=\"wp-block-column is-layout-flow wp-block-column-is-layout-flow\">\n<h3 class=\"wp-block-heading has-text-align-center\">Alojamento<\/h3>\n\n\n\n<p>O nosso website \u00e9 alojado pela Greenhost, uma empresa que utiliza 100% energia renov\u00e1vel e se compromete com pr\u00e1ticas sustent\u00e1veis em toda a sua infraestrutura.<\/p>\n<\/div>\n\n\n\n<div class=\"wp-block-column is-layout-flow wp-block-column-is-layout-flow\">\n<h3 class=\"wp-block-heading has-text-align-center\">Produ\u00e7\u00e3o<\/h3>\n\n\n\n<p>O nosso principal parceiro \u00e9 a TPOP, que fornece produtos eco-respons\u00e1veis, embalagens sem pl\u00e1stico e entregas com neutralidade carb\u00f3nica. Por vezes recorremos \u00e0 Printful que, infelizmente, n\u00e3o \u00e9 t\u00e3o sustent\u00e1vel, mas oferece artigos \u00fanicos.<\/p>\n<\/div>\n<\/div>\n<\/div>\n\n\n\n<div class=\"wp-block-group alignfull has-ast-global-color-7-background-color has-background is-layout-constrained wp-block-group-is-layout-constrained\">\n<hr class=\"wp-block-separator has-alpha-channel-opacity\"\/>\n\n\n\n<h3 class=\"wp-block-heading has-text-align-center\">Participa<\/h3>\n\n\n\n<div class=\"wp-block-columns is-layout-flex wp-container-core-columns-is-layout-2d7698b3 wp-block-columns-is-layout-flex\" style=\"padding-right:0;padding-left:0\">\n<div class=\"wp-block-column is-layout-flow wp-container-core-column-is-layout-88377a03 wp-block-column-is-layout-flow\" style=\"padding-right:133px;padding-left:133px\">\n<div class=\"wp-block-buttons is-content-justification-center is-layout-flex wp-container-core-buttons-is-layout-ecbad910 wp-block-buttons-is-layout-flex\" style=\"padding-top:var(--wp--preset--spacing--20);padding-bottom:var(--wp--preset--spacing--20)\">\n<div class=\"wp-block-button\"><a class=\"wp-block-button__link wp-element-button\" href=\"https:\/\/vestyashop.com\/newsletter\/\">Recebe<\/a><\/div>\n<\/div>\n\n\n\n<p class=\"has-text-align-center\">Subscreve a nossa newsletter para receber novidades e promo\u00e7\u00f5es.<\/p>\n<\/div>\n\n\n\n<div class=\"wp-block-column is-layout-flow wp-container-core-column-is-layout-88377a03 wp-block-column-is-layout-flow\" style=\"padding-right:133px;padding-left:133px\">\n<div class=\"wp-block-buttons is-content-justification-center is-layout-flex wp-container-core-buttons-is-layout-ecbad910 wp-block-buttons-is-layout-flex\" style=\"padding-top:var(--wp--preset--spacing--20);padding-bottom:var(--wp--preset--spacing--20)\">\n<div class=\"wp-block-button\"><a class=\"wp-block-button__link wp-element-button\" href=\"https:\/\/vestyashop.com\/collaborate\/\">Colabora<\/a><\/div>\n<\/div>\n\n\n\n<p class=\"has-text-align-center\">Partilha connosco a tua arte ou of\u00edcio e faz parte da nossa comunidade.<\/p>\n<\/div>\n<\/div>\n\n\n\n<hr class=\"wp-block-separator has-alpha-channel-opacity\"\/>\n<\/div>\n\n\n\n<p><\/p>","protected":false},"excerpt":{"rendered":"<p>Vestya Shop is a sustainable, artist-driven project exploring alternatives to fast fashion.Our goal is simple: create clothing &amp; accessories with low environmental impact, while supporting artists and conscious production methods. [&hellip;]<\/p>\n","protected":false},"author":1,"featured_media":32166,"parent":0,"menu_order":3,"comment_status":"closed","ping_status":"closed","template":"","meta":{"site-sidebar-layout":"default","site-content-layout":"","ast-site-content-layout":"full-width-container","site-content-style":"default","site-sidebar-style":"default","ast-global-header-display":"","ast-banner-title-visibility":"","ast-main-header-display":"","ast-hfb-above-header-display":"","ast-hfb-below-header-display":"","ast-hfb-mobile-header-display":"","site-post-title":"","ast-breadcrumbs-content":"","ast-featured-img":"","footer-sml-layout":"","ast-disable-related-posts":"","theme-transparent-header-meta":"","adv-header-id-meta":"","stick-header-meta":"","header-above-stick-meta":"","header-main-stick-meta":"","header-below-stick-meta":"","astra-migrate-meta-layouts":"set","ast-page-background-enabled":"default","ast-page-background-meta":{"desktop":{"background-color":"var(--ast-global-color-5)","background-image":"","background-repeat":"repeat","background-position":"center center","background-size":"auto","background-attachment":"scroll","background-type":"","background-media":"","overlay-type":"","overlay-color":"","overlay-opacity":"","overlay-gradient":""},"tablet":{"background-color":"","background-image":"","background-repeat":"repeat","background-position":"center center","background-size":"auto","background-attachment":"scroll","background-type":"","background-media":"","overlay-type":"","overlay-color":"","overlay-opacity":"","overlay-gradient":""},"mobile":{"background-color":"","background-image":"","background-repeat":"repeat","background-position":"center center","background-size":"auto","background-attachment":"scroll","background-type":"","background-media":"","overlay-type":"","overlay-color":"","overlay-opacity":"","overlay-gradient":""}},"ast-content-background-meta":{"desktop":{"background-color":"var(--ast-global-color-4)","background-image":"","background-repeat":"repeat","background-position":"center center","background-size":"auto","background-attachment":"scroll","background-type":"","background-media":"","overlay-type":"","overlay-color":"","overlay-opacity":"","overlay-gradient":""},"tablet":{"background-color":"var(--ast-global-color-4)","background-image":"","background-repeat":"repeat","background-position":"center center","background-size":"auto","background-attachment":"scroll","background-type":"","background-media":"","overlay-type":"","overlay-color":"","overlay-opacity":"","overlay-gradient":""},"mobile":{"background-color":"var(--ast-global-color-4)","background-image":"","background-repeat":"repeat","background-position":"center center","background-size":"auto","background-attachment":"scroll","background-type":"","background-media":"","overlay-type":"","overlay-color":"","overlay-opacity":"","overlay-gradient":""}},"footnotes":""},"class_list":["post-1642","page","type-page","status-publish","has-post-thumbnail","hentry"],"_links":{"self":[{"href":"https:\/\/vestyashop.com\/pt\/wp-json\/wp\/v2\/pages\/1642","targetHints":{"allow":["GET"]}}],"collection":[{"href":"https:\/\/vestyashop.com\/pt\/wp-json\/wp\/v2\/pages"}],"about":[{"href":"https:\/\/vestyashop.com\/pt\/wp-json\/wp\/v2\/types\/page"}],"author":[{"embeddable":true,"href":"https:\/\/vestyashop.com\/pt\/wp-json\/wp\/v2\/users\/1"}],"replies":[{"embeddable":true,"href":"https:\/\/vestyashop.com\/pt\/wp-json\/wp\/v2\/comments?post=1642"}],"version-history":[{"count":36,"href":"https:\/\/vestyashop.com\/pt\/wp-json\/wp\/v2\/pages\/1642\/revisions"}],"predecessor-version":[{"id":32213,"href":"https:\/\/vestyashop.com\/pt\/wp-json\/wp\/v2\/pages\/1642\/revisions\/32213"}],"wp:featuredmedia":[{"embeddable":true,"href":"https:\/\/vestyashop.com\/pt\/wp-json\/wp\/v2\/media\/32166"}],"wp:attachment":[{"href":"https:\/\/vestyashop.com\/pt\/wp-json\/wp\/v2\/media?parent=1642"}],"curies":[{"name":"wp","href":"https:\/\/api.w.org\/{rel}","templated":true}]}}